{"id":23,"date":"2024-11-07T21:36:30","date_gmt":"2024-11-07T21:36:30","guid":{"rendered":"http:\/\/brother.local\/valencia\/?page_id=23"},"modified":"2025-02-26T14:29:24","modified_gmt":"2025-02-26T13:29:24","slug":"voraces","status":"publish","type":"page","link":"https:\/\/brotherad.com\/valencia\/voraces\/","title":{"rendered":"Voraces"},"content":{"rendered":"<style><\/style><style><\/style><style>#gspb_row-id-gsbp-cfee62c{justify-content:space-between;margin-top:0px;margin-bottom:0px;display:flex;flex-wrap:wrap;}#gspb_row-id-gsbp-cfee62c > .gspb_row__content{display:flex;justify-content:space-between;margin:0 auto;width:100%;flex-wrap:wrap;}.gspb_row{position:relative;}div[id^=gspb_col-id]{box-sizing:border-box;position:relative;}div[id^=gspb_col-id]{padding:var(--gs-row-column-padding,15px min(3vw,20px));}#gspb_row-id-gsbp-cfee62c > .gspb_row__content{max-width:var(--content-width);}#gspb_row-id-gsbp-cfee62c{padding-top:var(--vspace);padding-bottom:var(--vspace);}#gspb_row-id-gsbp-cfee62c{color:var(--wp--preset--color--base,#111);}#gspb_row-id-gsbp-cfee62c{background-color:#d9d9d9;background-size:auto 100%;background-repeat:no-repeat;background-position:100% 50%;}#gspb_row-id-gsbp-cfee62c{background-image:url(https:\/\/brotherad.com\/valencia\/wp-content\/uploads\/sites\/26\/2025\/02\/VORACES-MONECO-01-1.png);}@media (max-width:575.98px){#gspb_row-id-gsbp-cfee62c{background-image:none;}}body.gspb-bodyfront #gspb_row-id-gsbp-cfee62c{position:relative;}<\/style>\n<section class=\"wp-block-greenshift-blocks-row alignfull gspb_row gspb_row-id-gsbp-cfee62c\" id=\"gspb_row-id-gsbp-cfee62c\"><div class=\"gspb_row__content\"> <style>#gspb_col-id-gsbp-2d3023e.gspb_row__col--12{width:100%;}@media (max-width:575.98px){#gspb_col-id-gsbp-2d3023e.gspb_row__col--12{width:100%;}}body.gspb-bodyfront #gspb_col-id-gsbp-2d3023e.gspb_row__col--12{position:static;}<\/style>\n<div class=\"wp-block-greenshift-blocks-row-column gspb_row__col--12 gspb_col-id-gsbp-2d3023e\" id=\"gspb_col-id-gsbp-2d3023e\"><style>.gspb_container-id-gsbp-8d2727c{flex-direction:column;box-sizing:border-box;}#gspb_container-id-gsbp-8d2727c.gspb_container > p:last-of-type{margin-bottom:0}#gspb_container-id-gsbp-8d2727c.gspb_container{position:relative;}#gspb_container-id-gsbp-8d2727c.gspb_container{margin-bottom:var(--vspace);}<\/style>\n<div class=\"wp-block-greenshift-blocks-container gspb_container gspb_container-gsbp-8d2727c\" id=\"gspb_container-id-gsbp-8d2727c\"><style>#gspb_image-id-gsbp-ba278a4{text-align:center;}#gspb_image-id-gsbp-ba278a4 img{vertical-align:top;}#gspb_image-id-gsbp-ba278a4 img{display:inline-block;box-sizing:border-box;max-width:100%;height:auto;}<\/style>\n<div class=\"wp-block-greenshift-blocks-image gspb_image gspb_image-id-gsbp-ba278a4\" id=\"gspb_image-id-gsbp-ba278a4\"><img decoding=\"async\" src=\"https:\/\/brotherad.com\/valencia\/wp-content\/uploads\/sites\/26\/2025\/02\/LOGO-VORACES.svg\" data-src=\"\" alt=\"\" loading=\"lazy\" width=\"454\" height=\"120\"\/><\/div>\n<\/div>\n\n\n<style>.gspb_container-id-gsbp-5919967{flex-direction:column;box-sizing:border-box;}#gspb_container-id-gsbp-5919967.gspb_container > p:last-of-type{margin-bottom:0}#gspb_container-id-gsbp-5919967.gspb_container{position:relative;}#gspb_container-id-gsbp-5919967.gspb_container{display:grid;grid-template-columns:repeat(2,minmax(0,1fr));row-gap:var(--gap);column-gap:var(--gap);}@media (max-width:575.98px){#gspb_container-id-gsbp-5919967.gspb_container{grid-template-columns:repeat(1,minmax(0,1fr));}}<\/style>\n<div class=\"wp-block-greenshift-blocks-container gspb_container gspb_container-gsbp-5919967\" id=\"gspb_container-id-gsbp-5919967\"><style>.gspb_container-id-gsbp-893f27a{flex-direction:column;box-sizing:border-box;}#gspb_container-id-gsbp-893f27a.gspb_container > p:last-of-type{margin-bottom:0}#gspb_container-id-gsbp-893f27a.gspb_container{position:relative;}<\/style>\n<div class=\"wp-block-greenshift-blocks-container gspb_container gspb_container-gsbp-893f27a\" id=\"gspb_container-id-gsbp-893f27a\">\n<p>Nos ense\u00f1aron que equivocarse no era bueno, pero para nosotrxs los errores son la verdadera fuente de inspiraci\u00f3n. Todos los errores que contribuyen a un fracaso son indicios de un \u00e9xito. Nos equivocamos haciendo y haciendo aprendemos.<\/p>\n\n\n\n<p>Somos una escuela de creativxs independiente, con sedes en Buenos Aires, Madrid, Barcelona, Montevideo, Santa Cruz de la Sierra, Caracas, Santo Domingo, Lima, Panam\u00e1, Guatemala, M\u00e9xico, Lisboa sin ning\u00fan otro aval que nuestros egresados.<\/p>\n\n\n<style>#gspb_button-id-gsbp-594ecac{display:flex;justify-content:flex-start;}#gspb_button-id-gsbp-594ecac .gspb-buttonbox-text{display:flex;flex-direction:column;}#gspb_button-id-gsbp-594ecac > .gspb-buttonbox{box-sizing:border-box}#gspb_button-id-gsbp-594ecac{justify-content:center;}#gspb_button-id-gsbp-594ecac > .gspb-buttonbox{margin-top:2em;margin-bottom:2em;}<\/style>\n<div class=\"gspb_button_wrapper gspb_button-id-gsbp-594ecac\" id=\"gspb_button-id-gsbp-594ecac\"><a class=\"wp-block-greenshift-blocks-buttonbox gspb-buttonbox wp-element-button\" rel=\"noopener\"><span class=\"gspb-buttonbox-textwrap\"><span class=\"gspb-buttonbox-text\"><span class=\"gspb-buttonbox-title\">DESCARGA EL BRIEF<\/span><\/span><\/span><\/a><\/div>\n<\/div>\n\n\n<style>.gspb_container-id-gsbp-7fd298c{flex-direction:column;box-sizing:border-box;}#gspb_container-id-gsbp-7fd298c.gspb_container > p:last-of-type{margin-bottom:0}#gspb_container-id-gsbp-7fd298c.gspb_container{position:relative;}<\/style>\n<div class=\"wp-block-greenshift-blocks-container gspb_container gspb_container-gsbp-7fd298c\" id=\"gspb_container-id-gsbp-7fd298c\">\n<figure class=\"wp-block-embed is-type-video is-provider-youtube wp-block-embed-youtube wp-embed-aspect-16-9 wp-has-aspect-ratio\"><div class=\"wp-block-embed__wrapper\">\n<iframe loading=\"lazy\" title=\"Final Premios Voraces 2023\" width=\"640\" height=\"360\" src=\"https:\/\/www.youtube.com\/embed\/dfFUjSZvZaY?feature=oembed\" frameborder=\"0\" allow=\"accelerometer; autoplay; clipboard-write; encrypted-media; gyroscope; picture-in-picture; web-share\" referrerpolicy=\"strict-origin-when-cross-origin\" allowfullscreen><\/iframe>\n<\/div><\/figure>\n<\/div>\n<\/div>\n\n\n<style>.gspb_container-id-gsbp-bd7b015{flex-direction:column;box-sizing:border-box;}#gspb_container-id-gsbp-bd7b015.gspb_container > p:last-of-type{margin-bottom:0}#gspb_container-id-gsbp-bd7b015.gspb_container{position:relative;}#gspb_container-id-gsbp-bd7b015.gspb_container{display:flex;justify-content:center;align-items:center;}<\/style>\n<div class=\"wp-block-greenshift-blocks-container gspb_container gspb_container-gsbp-bd7b015\" id=\"gspb_container-id-gsbp-bd7b015\"><style>#gspb_image-id-gsbp-23354e4 img{vertical-align:top;}#gspb_image-id-gsbp-23354e4 img{display:inline-block;box-sizing:border-box;max-width:100%;height:auto;}#gspb_image-id-gsbp-23354e4 img{width:280px;}#gspb_image-id-gsbp-23354e4,#gspb_image-id-gsbp-23354e4 img{height:auto;}@media (max-width:991.98px){#gspb_image-id-gsbp-23354e4,#gspb_image-id-gsbp-23354e4 img{height:auto;}}@media (max-width:767.98px){#gspb_image-id-gsbp-23354e4,#gspb_image-id-gsbp-23354e4 img{height:auto;}}@media (max-width:575.98px){#gspb_image-id-gsbp-23354e4,#gspb_image-id-gsbp-23354e4 img{height:auto;}}<\/style>\n<div class=\"wp-block-greenshift-blocks-image gspb_image gspb_image-id-gsbp-23354e4\" id=\"gspb_image-id-gsbp-23354e4\"><img decoding=\"async\" src=\"https:\/\/brotherad.com\/valencia\/wp-content\/uploads\/sites\/26\/2025\/02\/Logo-Brother-Doers-School-Negro.png\" data-src=\"\" alt=\"\" loading=\"lazy\" width=\"280\" height=\"888\"\/><\/div>\n<\/div>\n<\/div>\n <\/div><\/section>\n","protected":false},"excerpt":{"rendered":"","protected":false},"author":1,"featured_media":0,"parent":0,"menu_order":0,"comment_status":"closed","ping_status":"closed","template":"","meta":{"_acf_changed":false,"_gspb_post_css":"","inline_featured_image":false,"_joinchat":[],"footnotes":""},"class_list":["post-23","page","type-page","status-publish","hentry","is-layout-constrained"],"acf":[],"yoast_head":"<!-- This site is optimized with the Yoast SEO plugin v26.7 - https:\/\/yoast.com\/wordpress\/plugins\/seo\/ -->\n<title>Voraces - Brother Valencia<\/title>\n<meta name=\"robots\" content=\"index, follow, max-snippet:-1, max-image-preview:large, max-video-preview:-1\" \/>\n<link rel=\"canonical\" href=\"https:\/\/brotherad.com\/valencia\/voraces\/\" \/>\n<meta property=\"og:locale\" content=\"es_ES\" \/>\n<meta property=\"og:type\" content=\"article\" \/>\n<meta property=\"og:title\" content=\"Voraces - Brother Valencia\" \/>\n<meta property=\"og:url\" content=\"https:\/\/brotherad.com\/valencia\/voraces\/\" \/>\n<meta property=\"og:site_name\" content=\"Brother Valencia\" \/>\n<meta property=\"article:modified_time\" content=\"2025-02-26T13:29:24+00:00\" \/>\n<meta name=\"twitter:card\" content=\"summary_large_image\" \/>\n<meta name=\"twitter:label1\" content=\"Tiempo de lectura\" \/>\n\t<meta name=\"twitter:data1\" content=\"1 minuto\" \/>\n<script type=\"application\/ld+json\" class=\"yoast-schema-graph\">{\"@context\":\"https:\/\/schema.org\",\"@graph\":[{\"@type\":\"WebPage\",\"@id\":\"https:\/\/brotherad.com\/valencia\/voraces\/\",\"url\":\"https:\/\/brotherad.com\/valencia\/voraces\/\",\"name\":\"Voraces - Brother Valencia\",\"isPartOf\":{\"@id\":\"https:\/\/brotherad.com\/valencia\/#website\"},\"datePublished\":\"2024-11-07T21:36:30+00:00\",\"dateModified\":\"2025-02-26T13:29:24+00:00\",\"breadcrumb\":{\"@id\":\"https:\/\/brotherad.com\/valencia\/voraces\/#breadcrumb\"},\"inLanguage\":\"es\",\"potentialAction\":[{\"@type\":\"ReadAction\",\"target\":[\"https:\/\/brotherad.com\/valencia\/voraces\/\"]}]},{\"@type\":\"BreadcrumbList\",\"@id\":\"https:\/\/brotherad.com\/valencia\/voraces\/#breadcrumb\",\"itemListElement\":[{\"@type\":\"ListItem\",\"position\":1,\"name\":\"Portada\",\"item\":\"https:\/\/brotherad.com\/valencia\/\"},{\"@type\":\"ListItem\",\"position\":2,\"name\":\"Voraces\"}]},{\"@type\":\"WebSite\",\"@id\":\"https:\/\/brotherad.com\/valencia\/#website\",\"url\":\"https:\/\/brotherad.com\/valencia\/\",\"name\":\"Brother Valencia\",\"description\":\"\",\"potentialAction\":[{\"@type\":\"SearchAction\",\"target\":{\"@type\":\"EntryPoint\",\"urlTemplate\":\"https:\/\/brotherad.com\/valencia\/?s={search_term_string}\"},\"query-input\":{\"@type\":\"PropertyValueSpecification\",\"valueRequired\":true,\"valueName\":\"search_term_string\"}}],\"inLanguage\":\"es\"}]}<\/script>\n<!-- \/ Yoast SEO plugin. -->","yoast_head_json":{"title":"Voraces - Brother Valencia","robots":{"index":"index","follow":"follow","max-snippet":"max-snippet:-1","max-image-preview":"max-image-preview:large","max-video-preview":"max-video-preview:-1"},"canonical":"https:\/\/brotherad.com\/valencia\/voraces\/","og_locale":"es_ES","og_type":"article","og_title":"Voraces - Brother Valencia","og_url":"https:\/\/brotherad.com\/valencia\/voraces\/","og_site_name":"Brother Valencia","article_modified_time":"2025-02-26T13:29:24+00:00","twitter_card":"summary_large_image","twitter_misc":{"Tiempo de lectura":"1 minuto"},"schema":{"@context":"https:\/\/schema.org","@graph":[{"@type":"WebPage","@id":"https:\/\/brotherad.com\/valencia\/voraces\/","url":"https:\/\/brotherad.com\/valencia\/voraces\/","name":"Voraces - Brother Valencia","isPartOf":{"@id":"https:\/\/brotherad.com\/valencia\/#website"},"datePublished":"2024-11-07T21:36:30+00:00","dateModified":"2025-02-26T13:29:24+00:00","breadcrumb":{"@id":"https:\/\/brotherad.com\/valencia\/voraces\/#breadcrumb"},"inLanguage":"es","potentialAction":[{"@type":"ReadAction","target":["https:\/\/brotherad.com\/valencia\/voraces\/"]}]},{"@type":"BreadcrumbList","@id":"https:\/\/brotherad.com\/valencia\/voraces\/#breadcrumb","itemListElement":[{"@type":"ListItem","position":1,"name":"Portada","item":"https:\/\/brotherad.com\/valencia\/"},{"@type":"ListItem","position":2,"name":"Voraces"}]},{"@type":"WebSite","@id":"https:\/\/brotherad.com\/valencia\/#website","url":"https:\/\/brotherad.com\/valencia\/","name":"Brother Valencia","description":"","potentialAction":[{"@type":"SearchAction","target":{"@type":"EntryPoint","urlTemplate":"https:\/\/brotherad.com\/valencia\/?s={search_term_string}"},"query-input":{"@type":"PropertyValueSpecification","valueRequired":true,"valueName":"search_term_string"}}],"inLanguage":"es"}]}},"_links":{"self":[{"href":"https:\/\/brotherad.com\/valencia\/wp-json\/wp\/v2\/pages\/23","targetHints":{"allow":["GET"]}}],"collection":[{"href":"https:\/\/brotherad.com\/valencia\/wp-json\/wp\/v2\/pages"}],"about":[{"href":"https:\/\/brotherad.com\/valencia\/wp-json\/wp\/v2\/types\/page"}],"author":[{"embeddable":true,"href":"https:\/\/brotherad.com\/valencia\/wp-json\/wp\/v2\/users\/1"}],"replies":[{"embeddable":true,"href":"https:\/\/brotherad.com\/valencia\/wp-json\/wp\/v2\/comments?post=23"}],"version-history":[{"count":1,"href":"https:\/\/brotherad.com\/valencia\/wp-json\/wp\/v2\/pages\/23\/revisions"}],"predecessor-version":[{"id":1138,"href":"https:\/\/brotherad.com\/valencia\/wp-json\/wp\/v2\/pages\/23\/revisions\/1138"}],"wp:attachment":[{"href":"https:\/\/brotherad.com\/valencia\/wp-json\/wp\/v2\/media?parent=23"}],"curies":[{"name":"wp","href":"https:\/\/api.w.org\/{rel}","templated":true}]}}