{"id":99,"date":"2017-08-17T21:32:08","date_gmt":"2017-08-17T21:32:08","guid":{"rendered":"http:\/\/brotherad.com\/madrid\/?page_id=99"},"modified":"2018-12-28T16:23:09","modified_gmt":"2018-12-28T16:23:09","slug":"cursos","status":"publish","type":"page","link":"https:\/\/brotherad.com\/panama\/cursos\/","title":{"rendered":"CURSOS"},"content":{"rendered":"<div id=\"pl-99\"  class=\"panel-layout\" ><div id=\"pg-99-0\"  class=\"panel-grid panel-has-style\" ><div class=\"siteorigin-panels-stretch panel-row-style panel-row-style-for-99-0\" data-stretch-type=\"full-stretched-padded\" ><div id=\"pgc-99-0-0\"  class=\"panel-grid-cell\" ><div id=\"panel-99-0-0-0\" class=\"so-panel widget widget_sow-image panel-first-child panel-last-child\" data-index=\"0\" ><div class=\"gray-thumb border panel-widget-style panel-widget-style-for-99-0-0-0\" ><div\n\t\t\t\n\t\t\tclass=\"so-widget-sow-image so-widget-sow-image-default-c67d20f9f743-99\"\n\t\t\t\n\t\t>\n<div class=\"sow-image-container\">\n\t\t\t<a href=\"https:\/\/brotherad.com\/panama\/course\/creatividad-integral\/\"\n\t\t\t\t\t>\n\t\t\t<img \n\tsrc=\"https:\/\/brotherad.com\/panama\/wp-content\/uploads\/sites\/16\/2018\/11\/creatividadintegral-400x400.jpg\" width=\"400\" height=\"400\" srcset=\"https:\/\/brotherad.com\/panama\/wp-content\/uploads\/sites\/16\/2018\/11\/creatividadintegral-400x400.jpg 400w, https:\/\/brotherad.com\/panama\/wp-content\/uploads\/sites\/16\/2018\/11\/creatividadintegral-150x150.jpg 150w, https:\/\/brotherad.com\/panama\/wp-content\/uploads\/sites\/16\/2018\/11\/creatividadintegral-300x300.jpg 300w, https:\/\/brotherad.com\/panama\/wp-content\/uploads\/sites\/16\/2018\/11\/creatividadintegral-768x768.jpg 768w, https:\/\/brotherad.com\/panama\/wp-content\/uploads\/sites\/16\/2018\/11\/creatividadintegral.jpg 1024w\" sizes=\"(max-width: 400px) 100vw, 400px\" alt=\"\" \t\tclass=\"so-widget-image\"\/>\n\t\t\t<\/a><\/div>\n\n<\/div><\/div><\/div><\/div><\/div><\/div><div id=\"pg-99-1\"  class=\"panel-grid panel-has-style\" ><div class=\"siteorigin-panels-stretch panel-row-style panel-row-style-for-99-1\" data-stretch-type=\"full-stretched-padded\" ><div id=\"pgc-99-1-0\"  class=\"panel-grid-cell\" ><div id=\"panel-99-1-0-0\" class=\"so-panel widget widget_sow-editor panel-first-child\" data-index=\"1\" ><div\n\t\t\t\n\t\t\tclass=\"so-widget-sow-editor so-widget-sow-editor-base\"\n\t\t\t\n\t\t>\n<div class=\"siteorigin-widget-tinymce textwidget\">\n\t<h2><\/h2>\n<h2 class=\"p1\" style=\"text-align: center\"><b>CURSOS CORTOS Y TALLERES<br \/>\n<\/b><\/h2>\n<\/div>\n<\/div><\/div><div id=\"panel-99-1-0-1\" class=\"so-panel widget widget_siteorigin-panels-postloop panel-last-child\" data-index=\"2\" ><div class=\"hide-header gray-thumb panel-widget-style panel-widget-style-for-99-1-0-1\" >\n\n\t<!-- <div class=\"masonry-posts\"> -->\n\t\t<div class=\"simple-grid-loop\">\n\t\t\t\t\t<!-- <div class=\"hentry-wrapper\"> -->\n\n\t\t\t\n<article id=\"post-4989\" class=\"post-4989 course type-course status-publish has-post-thumbnail hentry category-curso-corto\">\n\t\n\t\n\t<a class=\"post-thumbnail\" href=\"https:\/\/brotherad.com\/panama\/course\/marketing-de-contenido\/\">\n\t\t<img loading=\"lazy\" decoding=\"async\" width=\"300\" height=\"300\" src=\"https:\/\/brotherad.com\/panama\/wp-content\/uploads\/sites\/16\/2019\/10\/contentmarketing-300x300.jpg\" class=\"attachment-medium size-medium wp-post-image\" alt=\"Marketing de Contenido\" srcset=\"https:\/\/brotherad.com\/panama\/wp-content\/uploads\/sites\/16\/2019\/10\/contentmarketing-300x300.jpg 300w, https:\/\/brotherad.com\/panama\/wp-content\/uploads\/sites\/16\/2019\/10\/contentmarketing-150x150.jpg 150w, https:\/\/brotherad.com\/panama\/wp-content\/uploads\/sites\/16\/2019\/10\/contentmarketing-768x768.jpg 768w, https:\/\/brotherad.com\/panama\/wp-content\/uploads\/sites\/16\/2019\/10\/contentmarketing-400x400.jpg 400w, https:\/\/brotherad.com\/panama\/wp-content\/uploads\/sites\/16\/2019\/10\/contentmarketing.jpg 1024w\" sizes=\"auto, (max-width: 300px) 100vw, 300px\" \/>\t<\/a>\n\n\t\n\t<!-- <div class=\"entry-text\"> -->\n\n\t\t<header class=\"entry-header\">\t\n\n\t\t\t<h2 class=\"entry-title\"><a href=\"https:\/\/brotherad.com\/panama\/course\/marketing-de-contenido\/\" rel=\"bookmark\">Marketing de Contenido<\/a><\/h2>\n\t\t\t\n\t\t<\/header><!-- .entry-header -->\n\n\t\t<div class=\"entry-content\">\n\n\t\t\t\t\t<\/div><!-- .entry-content -->\n\t\t\n\t<!-- <\/div> -->\n\n\t<footer class=\"entry-footer\">\n\t\t\t<\/footer><!-- .entry-footer -->\n<\/article><!-- #post-## -->\n\t\t\t<!-- <\/div> -->\n\t\t\t\t\t<!-- <div class=\"hentry-wrapper\"> -->\n\n\t\t\t\n<article id=\"post-4991\" class=\"post-4991 course type-course status-publish has-post-thumbnail hentry category-curso-corto\">\n\t\n\t\n\t<a class=\"post-thumbnail\" href=\"https:\/\/brotherad.com\/panama\/course\/digital-media\/\">\n\t\t<img loading=\"lazy\" decoding=\"async\" width=\"300\" height=\"300\" src=\"https:\/\/brotherad.com\/panama\/wp-content\/uploads\/sites\/16\/2019\/10\/OverProject1-300x300.png\" class=\"attachment-medium size-medium wp-post-image\" alt=\"Digital Media\" srcset=\"https:\/\/brotherad.com\/panama\/wp-content\/uploads\/sites\/16\/2019\/10\/OverProject1-300x300.png 300w, https:\/\/brotherad.com\/panama\/wp-content\/uploads\/sites\/16\/2019\/10\/OverProject1-150x150.png 150w, https:\/\/brotherad.com\/panama\/wp-content\/uploads\/sites\/16\/2019\/10\/OverProject1-768x768.png 768w, https:\/\/brotherad.com\/panama\/wp-content\/uploads\/sites\/16\/2019\/10\/OverProject1-1024x1024.png 1024w, https:\/\/brotherad.com\/panama\/wp-content\/uploads\/sites\/16\/2019\/10\/OverProject1-400x400.png 400w, https:\/\/brotherad.com\/panama\/wp-content\/uploads\/sites\/16\/2019\/10\/OverProject1.png 1080w\" sizes=\"auto, (max-width: 300px) 100vw, 300px\" \/>\t<\/a>\n\n\t\n\t<!-- <div class=\"entry-text\"> -->\n\n\t\t<header class=\"entry-header\">\t\n\n\t\t\t<h2 class=\"entry-title\"><a href=\"https:\/\/brotherad.com\/panama\/course\/digital-media\/\" rel=\"bookmark\">Digital Media<\/a><\/h2>\n\t\t\t\n\t\t<\/header><!-- .entry-header -->\n\n\t\t<div class=\"entry-content\">\n\n\t\t\t\t\t<\/div><!-- .entry-content -->\n\t\t\n\t<!-- <\/div> -->\n\n\t<footer class=\"entry-footer\">\n\t\t\t<\/footer><!-- .entry-footer -->\n<\/article><!-- #post-## -->\n\t\t\t<!-- <\/div> -->\n\t\t\t\t\t<!-- <div class=\"hentry-wrapper\"> -->\n\n\t\t\t\n<article id=\"post-3847\" class=\"post-3847 course type-course status-publish has-post-thumbnail hentry category-curso-corto\">\n\t\n\t\n\t<a class=\"post-thumbnail\" href=\"https:\/\/brotherad.com\/panama\/course\/redaccion-creativa\/\">\n\t\t<img loading=\"lazy\" decoding=\"async\" width=\"300\" height=\"300\" src=\"https:\/\/brotherad.com\/panama\/wp-content\/uploads\/sites\/16\/2018\/11\/redaccio\u0301ncreativa-300x300.jpg\" class=\"attachment-medium size-medium wp-post-image\" alt=\"Redacci\u00f3n Creativa\" srcset=\"https:\/\/brotherad.com\/panama\/wp-content\/uploads\/sites\/16\/2018\/11\/redaccio\u0301ncreativa-300x300.jpg 300w, https:\/\/brotherad.com\/panama\/wp-content\/uploads\/sites\/16\/2018\/11\/redaccio\u0301ncreativa-150x150.jpg 150w, https:\/\/brotherad.com\/panama\/wp-content\/uploads\/sites\/16\/2018\/11\/redaccio\u0301ncreativa-768x768.jpg 768w, https:\/\/brotherad.com\/panama\/wp-content\/uploads\/sites\/16\/2018\/11\/redaccio\u0301ncreativa-400x400.jpg 400w, https:\/\/brotherad.com\/panama\/wp-content\/uploads\/sites\/16\/2018\/11\/redaccio\u0301ncreativa.jpg 1024w\" sizes=\"auto, (max-width: 300px) 100vw, 300px\" \/>\t<\/a>\n\n\t\n\t<!-- <div class=\"entry-text\"> -->\n\n\t\t<header class=\"entry-header\">\t\n\n\t\t\t<h2 class=\"entry-title\"><a href=\"https:\/\/brotherad.com\/panama\/course\/redaccion-creativa\/\" rel=\"bookmark\">Redacci\u00f3n Creativa<\/a><\/h2>\n\t\t\t\n\t\t<\/header><!-- .entry-header -->\n\n\t\t<div class=\"entry-content\">\n\n\t\t\t\t\t<\/div><!-- .entry-content -->\n\t\t\n\t<!-- <\/div> -->\n\n\t<footer class=\"entry-footer\">\n\t\t\t<\/footer><!-- .entry-footer -->\n<\/article><!-- #post-## -->\n\t\t\t<!-- <\/div> -->\n\t\t\t\t\t<!-- <div class=\"hentry-wrapper\"> -->\n\n\t\t\t\n<article id=\"post-3647\" class=\"post-3647 course type-course status-publish has-post-thumbnail hentry category-curso-corto\">\n\t\n\t\n\t<a class=\"post-thumbnail\" href=\"https:\/\/brotherad.com\/panama\/course\/branding\/\">\n\t\t<img loading=\"lazy\" decoding=\"async\" width=\"300\" height=\"300\" src=\"https:\/\/brotherad.com\/panama\/wp-content\/uploads\/sites\/16\/2018\/11\/branding-300x300.jpg\" class=\"attachment-medium size-medium wp-post-image\" alt=\"Branding\" srcset=\"https:\/\/brotherad.com\/panama\/wp-content\/uploads\/sites\/16\/2018\/11\/branding-300x300.jpg 300w, https:\/\/brotherad.com\/panama\/wp-content\/uploads\/sites\/16\/2018\/11\/branding-150x150.jpg 150w, https:\/\/brotherad.com\/panama\/wp-content\/uploads\/sites\/16\/2018\/11\/branding-768x768.jpg 768w, https:\/\/brotherad.com\/panama\/wp-content\/uploads\/sites\/16\/2018\/11\/branding-400x400.jpg 400w, https:\/\/brotherad.com\/panama\/wp-content\/uploads\/sites\/16\/2018\/11\/branding.jpg 1000w\" sizes=\"auto, (max-width: 300px) 100vw, 300px\" \/>\t<\/a>\n\n\t\n\t<!-- <div class=\"entry-text\"> -->\n\n\t\t<header class=\"entry-header\">\t\n\n\t\t\t<h2 class=\"entry-title\"><a href=\"https:\/\/brotherad.com\/panama\/course\/branding\/\" rel=\"bookmark\">Branding<\/a><\/h2>\n\t\t\t\n\t\t<\/header><!-- .entry-header -->\n\n\t\t<div class=\"entry-content\">\n\n\t\t\t\t\t<\/div><!-- .entry-content -->\n\t\t\n\t<!-- <\/div> -->\n\n\t<footer class=\"entry-footer\">\n\t\t\t<\/footer><!-- .entry-footer -->\n<\/article><!-- #post-## -->\n\t\t\t<!-- <\/div> -->\n\t\t\t\t\t<!-- <div class=\"hentry-wrapper\"> -->\n\n\t\t\t\n<article id=\"post-3846\" class=\"post-3846 course type-course status-publish has-post-thumbnail hentry category-curso-corto\">\n\t\n\t\n\t<a class=\"post-thumbnail\" href=\"https:\/\/brotherad.com\/panama\/course\/social-deep\/\">\n\t\t<img loading=\"lazy\" decoding=\"async\" width=\"300\" height=\"300\" src=\"https:\/\/brotherad.com\/panama\/wp-content\/uploads\/sites\/16\/2018\/11\/socialdeep-300x300.jpg\" class=\"attachment-medium size-medium wp-post-image\" alt=\"Social Deep\" srcset=\"https:\/\/brotherad.com\/panama\/wp-content\/uploads\/sites\/16\/2018\/11\/socialdeep-300x300.jpg 300w, https:\/\/brotherad.com\/panama\/wp-content\/uploads\/sites\/16\/2018\/11\/socialdeep-150x150.jpg 150w, https:\/\/brotherad.com\/panama\/wp-content\/uploads\/sites\/16\/2018\/11\/socialdeep-768x768.jpg 768w, https:\/\/brotherad.com\/panama\/wp-content\/uploads\/sites\/16\/2018\/11\/socialdeep-400x400.jpg 400w, https:\/\/brotherad.com\/panama\/wp-content\/uploads\/sites\/16\/2018\/11\/socialdeep.jpg 1024w\" sizes=\"auto, (max-width: 300px) 100vw, 300px\" \/>\t<\/a>\n\n\t\n\t<!-- <div class=\"entry-text\"> -->\n\n\t\t<header class=\"entry-header\">\t\n\n\t\t\t<h2 class=\"entry-title\"><a href=\"https:\/\/brotherad.com\/panama\/course\/social-deep\/\" rel=\"bookmark\">Social Deep<\/a><\/h2>\n\t\t\t\n\t\t<\/header><!-- .entry-header -->\n\n\t\t<div class=\"entry-content\">\n\n\t\t\t\t\t<\/div><!-- .entry-content -->\n\t\t\n\t<!-- <\/div> -->\n\n\t<footer class=\"entry-footer\">\n\t\t\t<\/footer><!-- .entry-footer -->\n<\/article><!-- #post-## -->\n\t\t\t<!-- <\/div> -->\n\t\t\t\t\t<!-- <div class=\"hentry-wrapper\"> -->\n\n\t\t\t\n<article id=\"post-3850\" class=\"post-3850 course type-course status-publish has-post-thumbnail hentry category-curso-corto\">\n\t\n\t\n\t<a class=\"post-thumbnail\" href=\"https:\/\/brotherad.com\/panama\/course\/social-media\/\">\n\t\t<img loading=\"lazy\" decoding=\"async\" width=\"300\" height=\"300\" src=\"https:\/\/brotherad.com\/panama\/wp-content\/uploads\/sites\/16\/2018\/11\/socialmedia-300x300.jpg\" class=\"attachment-medium size-medium wp-post-image\" alt=\"Social Media\" srcset=\"https:\/\/brotherad.com\/panama\/wp-content\/uploads\/sites\/16\/2018\/11\/socialmedia-300x300.jpg 300w, https:\/\/brotherad.com\/panama\/wp-content\/uploads\/sites\/16\/2018\/11\/socialmedia-150x150.jpg 150w, https:\/\/brotherad.com\/panama\/wp-content\/uploads\/sites\/16\/2018\/11\/socialmedia-768x768.jpg 768w, https:\/\/brotherad.com\/panama\/wp-content\/uploads\/sites\/16\/2018\/11\/socialmedia-400x400.jpg 400w, https:\/\/brotherad.com\/panama\/wp-content\/uploads\/sites\/16\/2018\/11\/socialmedia.jpg 1024w\" sizes=\"auto, (max-width: 300px) 100vw, 300px\" \/>\t<\/a>\n\n\t\n\t<!-- <div class=\"entry-text\"> -->\n\n\t\t<header class=\"entry-header\">\t\n\n\t\t\t<h2 class=\"entry-title\"><a href=\"https:\/\/brotherad.com\/panama\/course\/social-media\/\" rel=\"bookmark\">Social Media<\/a><\/h2>\n\t\t\t\n\t\t<\/header><!-- .entry-header -->\n\n\t\t<div class=\"entry-content\">\n\n\t\t\t\t\t<\/div><!-- .entry-content -->\n\t\t\n\t<!-- <\/div> -->\n\n\t<footer class=\"entry-footer\">\n\t\t\t<\/footer><!-- .entry-footer -->\n<\/article><!-- #post-## -->\n\t\t\t<!-- <\/div> -->\n\t\t\t\t\t<!-- <div class=\"hentry-wrapper\"> -->\n\n\t\t\t\n<article id=\"post-3851\" class=\"post-3851 course type-course status-publish has-post-thumbnail hentry category-curso-corto\">\n\t\n\t\n\t<a class=\"post-thumbnail\" href=\"https:\/\/brotherad.com\/panama\/course\/innovacion-creativa\/\">\n\t\t<img loading=\"lazy\" decoding=\"async\" width=\"300\" height=\"300\" src=\"https:\/\/brotherad.com\/panama\/wp-content\/uploads\/sites\/16\/2018\/11\/innova-300x300.jpg\" class=\"attachment-medium size-medium wp-post-image\" alt=\"Innovaci\u00f3n Creativa\" srcset=\"https:\/\/brotherad.com\/panama\/wp-content\/uploads\/sites\/16\/2018\/11\/innova-300x300.jpg 300w, https:\/\/brotherad.com\/panama\/wp-content\/uploads\/sites\/16\/2018\/11\/innova-150x150.jpg 150w, https:\/\/brotherad.com\/panama\/wp-content\/uploads\/sites\/16\/2018\/11\/innova-768x768.jpg 768w, https:\/\/brotherad.com\/panama\/wp-content\/uploads\/sites\/16\/2018\/11\/innova-400x400.jpg 400w, https:\/\/brotherad.com\/panama\/wp-content\/uploads\/sites\/16\/2018\/11\/innova.jpg 1024w\" sizes=\"auto, (max-width: 300px) 100vw, 300px\" \/>\t<\/a>\n\n\t\n\t<!-- <div class=\"entry-text\"> -->\n\n\t\t<header class=\"entry-header\">\t\n\n\t\t\t<h2 class=\"entry-title\"><a href=\"https:\/\/brotherad.com\/panama\/course\/innovacion-creativa\/\" rel=\"bookmark\">Innovaci\u00f3n Creativa<\/a><\/h2>\n\t\t\t\n\t\t<\/header><!-- .entry-header -->\n\n\t\t<div class=\"entry-content\">\n\n\t\t\t\t\t<\/div><!-- .entry-content -->\n\t\t\n\t<!-- <\/div> -->\n\n\t<footer class=\"entry-footer\">\n\t\t\t<\/footer><!-- .entry-footer -->\n<\/article><!-- #post-## -->\n\t\t\t<!-- <\/div> -->\n\t\t\t\t\t<!-- <div class=\"hentry-wrapper\"> -->\n\n\t\t\t\n<article id=\"post-3848\" class=\"post-3848 course type-course status-publish has-post-thumbnail hentry category-curso-corto\">\n\t\n\t\n\t<a class=\"post-thumbnail\" href=\"https:\/\/brotherad.com\/panama\/course\/social-creative\/\">\n\t\t<img loading=\"lazy\" decoding=\"async\" width=\"300\" height=\"300\" src=\"https:\/\/brotherad.com\/panama\/wp-content\/uploads\/sites\/16\/2018\/11\/socialcreative-300x300.jpg\" class=\"attachment-medium size-medium wp-post-image\" alt=\"Social Creative\" srcset=\"https:\/\/brotherad.com\/panama\/wp-content\/uploads\/sites\/16\/2018\/11\/socialcreative-300x300.jpg 300w, https:\/\/brotherad.com\/panama\/wp-content\/uploads\/sites\/16\/2018\/11\/socialcreative-150x150.jpg 150w, https:\/\/brotherad.com\/panama\/wp-content\/uploads\/sites\/16\/2018\/11\/socialcreative-768x768.jpg 768w, https:\/\/brotherad.com\/panama\/wp-content\/uploads\/sites\/16\/2018\/11\/socialcreative-400x400.jpg 400w, https:\/\/brotherad.com\/panama\/wp-content\/uploads\/sites\/16\/2018\/11\/socialcreative.jpg 1000w\" sizes=\"auto, (max-width: 300px) 100vw, 300px\" \/>\t<\/a>\n\n\t\n\t<!-- <div class=\"entry-text\"> -->\n\n\t\t<header class=\"entry-header\">\t\n\n\t\t\t<h2 class=\"entry-title\"><a href=\"https:\/\/brotherad.com\/panama\/course\/social-creative\/\" rel=\"bookmark\">Social Creative<\/a><\/h2>\n\t\t\t\n\t\t<\/header><!-- .entry-header -->\n\n\t\t<div class=\"entry-content\">\n\n\t\t\t\t\t<\/div><!-- .entry-content -->\n\t\t\n\t<!-- <\/div> -->\n\n\t<footer class=\"entry-footer\">\n\t\t\t<\/footer><!-- .entry-footer -->\n<\/article><!-- #post-## -->\n\t\t\t<!-- <\/div> -->\n\t\t\t\t<\/div>\n\t<!-- <\/div> -->\n\n\n<\/div><\/div><\/div><\/div><\/div><\/div>","protected":false},"excerpt":{"rendered":"<p>SOCIAL CREATIVE, con los avances del mundo digital, la adaptaci\u00f3n masiva por parte de la gente y el posterior desembarco de las marcas, el Community Manager pas\u00f3 de un lugar muy peque\u00f1o dentro de una marca, a tener uno de los lugares m\u00e1s importantes. La comunicaci\u00f3n corporativa en un lugar democr\u00e1tico donde todos tienen opini\u00f3n. [&hellip;]<\/p>\n","protected":false},"author":1,"featured_media":0,"parent":0,"menu_order":0,"comment_status":"closed","ping_status":"closed","template":"","meta":{"_acf_changed":false,"footnotes":""},"class_list":["post-99","page","type-page","status-publish","format-standard","hentry"],"acf":[],"yoast_head":"<!-- This site is optimized with the Yoast SEO plugin v26.7 - https:\/\/yoast.com\/wordpress\/plugins\/seo\/ -->\n<title>CURSOS - Brother Panam\u00e1<\/title>\n<meta name=\"robots\" content=\"noindex, follow, max-snippet:-1, max-image-preview:large, max-video-preview:-1\" \/>\n<meta property=\"og:locale\" content=\"es_ES\" \/>\n<meta property=\"og:type\" content=\"article\" \/>\n<meta property=\"og:title\" content=\"CURSOS - Brother Panam\u00e1\" \/>\n<meta property=\"og:description\" content=\"SOCIAL CREATIVE, con los avances del mundo digital, la adaptaci\u00f3n masiva por parte de la gente y el posterior desembarco de las marcas, el Community Manager pas\u00f3 de un lugar muy peque\u00f1o dentro de una marca, a tener uno de los lugares m\u00e1s importantes. La comunicaci\u00f3n corporativa en un lugar democr\u00e1tico donde todos tienen opini\u00f3n. [&hellip;]\" \/>\n<meta property=\"og:url\" content=\"https:\/\/brotherad.com\/panama\/cursos\/\" \/>\n<meta property=\"og:site_name\" content=\"Brother Panam\u00e1\" \/>\n<meta property=\"article:modified_time\" content=\"2018-12-28T16:23:09+00:00\" \/>\n<meta name=\"twitter:card\" content=\"summary_large_image\" \/>\n<script type=\"application\/ld+json\" class=\"yoast-schema-graph\">{\"@context\":\"https:\/\/schema.org\",\"@graph\":[{\"@type\":\"WebPage\",\"@id\":\"https:\/\/brotherad.com\/panama\/cursos\/\",\"url\":\"https:\/\/brotherad.com\/panama\/cursos\/\",\"name\":\"CURSOS - Brother Panam\u00e1\",\"isPartOf\":{\"@id\":\"https:\/\/brotherad.com\/panama\/#website\"},\"datePublished\":\"2017-08-17T21:32:08+00:00\",\"dateModified\":\"2018-12-28T16:23:09+00:00\",\"breadcrumb\":{\"@id\":\"https:\/\/brotherad.com\/panama\/cursos\/#breadcrumb\"},\"inLanguage\":\"es\",\"potentialAction\":[{\"@type\":\"ReadAction\",\"target\":[\"https:\/\/brotherad.com\/panama\/cursos\/\"]}]},{\"@type\":\"BreadcrumbList\",\"@id\":\"https:\/\/brotherad.com\/panama\/cursos\/#breadcrumb\",\"itemListElement\":[{\"@type\":\"ListItem\",\"position\":1,\"name\":\"Portada\",\"item\":\"https:\/\/brotherad.com\/panama\/\"},{\"@type\":\"ListItem\",\"position\":2,\"name\":\"CURSOS\"}]},{\"@type\":\"WebSite\",\"@id\":\"https:\/\/brotherad.com\/panama\/#website\",\"url\":\"https:\/\/brotherad.com\/panama\/\",\"name\":\"Brother Panam\u00e1\",\"description\":\"Otro sitio m\u00e1s de Sitios de Brother\",\"publisher\":{\"@id\":\"https:\/\/brotherad.com\/panama\/#organization\"},\"potentialAction\":[{\"@type\":\"SearchAction\",\"target\":{\"@type\":\"EntryPoint\",\"urlTemplate\":\"https:\/\/brotherad.com\/panama\/?s={search_term_string}\"},\"query-input\":{\"@type\":\"PropertyValueSpecification\",\"valueRequired\":true,\"valueName\":\"search_term_string\"}}],\"inLanguage\":\"es\"},{\"@type\":\"Organization\",\"@id\":\"https:\/\/brotherad.com\/panama\/#organization\",\"name\":\"Brother Panam\u00e1\",\"url\":\"https:\/\/brotherad.com\/panama\/\",\"logo\":{\"@type\":\"ImageObject\",\"inLanguage\":\"es\",\"@id\":\"https:\/\/brotherad.com\/panama\/#\/schema\/logo\/image\/\",\"url\":\"https:\/\/brotherad.com\/panama\/wp-content\/uploads\/sites\/16\/2018\/12\/brother-global.svg\",\"contentUrl\":\"https:\/\/brotherad.com\/panama\/wp-content\/uploads\/sites\/16\/2018\/12\/brother-global.svg\",\"caption\":\"Brother Panam\u00e1\"},\"image\":{\"@id\":\"https:\/\/brotherad.com\/panama\/#\/schema\/logo\/image\/\"}}]}<\/script>\n<!-- \/ Yoast SEO plugin. -->","yoast_head_json":{"title":"CURSOS - Brother Panam\u00e1","robots":{"index":"noindex","follow":"follow","max-snippet":"max-snippet:-1","max-image-preview":"max-image-preview:large","max-video-preview":"max-video-preview:-1"},"og_locale":"es_ES","og_type":"article","og_title":"CURSOS - Brother Panam\u00e1","og_description":"SOCIAL CREATIVE, con los avances del mundo digital, la adaptaci\u00f3n masiva por parte de la gente y el posterior desembarco de las marcas, el Community Manager pas\u00f3 de un lugar muy peque\u00f1o dentro de una marca, a tener uno de los lugares m\u00e1s importantes. La comunicaci\u00f3n corporativa en un lugar democr\u00e1tico donde todos tienen opini\u00f3n. [&hellip;]","og_url":"https:\/\/brotherad.com\/panama\/cursos\/","og_site_name":"Brother Panam\u00e1","article_modified_time":"2018-12-28T16:23:09+00:00","twitter_card":"summary_large_image","schema":{"@context":"https:\/\/schema.org","@graph":[{"@type":"WebPage","@id":"https:\/\/brotherad.com\/panama\/cursos\/","url":"https:\/\/brotherad.com\/panama\/cursos\/","name":"CURSOS - Brother Panam\u00e1","isPartOf":{"@id":"https:\/\/brotherad.com\/panama\/#website"},"datePublished":"2017-08-17T21:32:08+00:00","dateModified":"2018-12-28T16:23:09+00:00","breadcrumb":{"@id":"https:\/\/brotherad.com\/panama\/cursos\/#breadcrumb"},"inLanguage":"es","potentialAction":[{"@type":"ReadAction","target":["https:\/\/brotherad.com\/panama\/cursos\/"]}]},{"@type":"BreadcrumbList","@id":"https:\/\/brotherad.com\/panama\/cursos\/#breadcrumb","itemListElement":[{"@type":"ListItem","position":1,"name":"Portada","item":"https:\/\/brotherad.com\/panama\/"},{"@type":"ListItem","position":2,"name":"CURSOS"}]},{"@type":"WebSite","@id":"https:\/\/brotherad.com\/panama\/#website","url":"https:\/\/brotherad.com\/panama\/","name":"Brother Panam\u00e1","description":"Otro sitio m\u00e1s de Sitios de Brother","publisher":{"@id":"https:\/\/brotherad.com\/panama\/#organization"},"potentialAction":[{"@type":"SearchAction","target":{"@type":"EntryPoint","urlTemplate":"https:\/\/brotherad.com\/panama\/?s={search_term_string}"},"query-input":{"@type":"PropertyValueSpecification","valueRequired":true,"valueName":"search_term_string"}}],"inLanguage":"es"},{"@type":"Organization","@id":"https:\/\/brotherad.com\/panama\/#organization","name":"Brother Panam\u00e1","url":"https:\/\/brotherad.com\/panama\/","logo":{"@type":"ImageObject","inLanguage":"es","@id":"https:\/\/brotherad.com\/panama\/#\/schema\/logo\/image\/","url":"https:\/\/brotherad.com\/panama\/wp-content\/uploads\/sites\/16\/2018\/12\/brother-global.svg","contentUrl":"https:\/\/brotherad.com\/panama\/wp-content\/uploads\/sites\/16\/2018\/12\/brother-global.svg","caption":"Brother Panam\u00e1"},"image":{"@id":"https:\/\/brotherad.com\/panama\/#\/schema\/logo\/image\/"}}]}},"_links":{"self":[{"href":"https:\/\/brotherad.com\/panama\/wp-json\/wp\/v2\/pages\/99","targetHints":{"allow":["GET"]}}],"collection":[{"href":"https:\/\/brotherad.com\/panama\/wp-json\/wp\/v2\/pages"}],"about":[{"href":"https:\/\/brotherad.com\/panama\/wp-json\/wp\/v2\/types\/page"}],"author":[{"embeddable":true,"href":"https:\/\/brotherad.com\/panama\/wp-json\/wp\/v2\/users\/1"}],"replies":[{"embeddable":true,"href":"https:\/\/brotherad.com\/panama\/wp-json\/wp\/v2\/comments?post=99"}],"version-history":[{"count":65,"href":"https:\/\/brotherad.com\/panama\/wp-json\/wp\/v2\/pages\/99\/revisions"}],"predecessor-version":[{"id":4354,"href":"https:\/\/brotherad.com\/panama\/wp-json\/wp\/v2\/pages\/99\/revisions\/4354"}],"wp:attachment":[{"href":"https:\/\/brotherad.com\/panama\/wp-json\/wp\/v2\/media?parent=99"}],"curies":[{"name":"wp","href":"https:\/\/api.w.org\/{rel}","templated":true}]}}