{"id":3906,"date":"2018-11-25T14:15:14","date_gmt":"2018-11-25T14:15:14","guid":{"rendered":"http:\/\/brotherad.com\/panama\/?page_id=3906"},"modified":"2021-06-21T16:32:36","modified_gmt":"2021-06-21T16:32:36","slug":"escuela","status":"publish","type":"page","link":"https:\/\/brotherad.com\/panama\/escuela\/","title":{"rendered":"Escuela"},"content":{"rendered":"<div id=\"pl-3906\"  class=\"panel-layout\" ><div id=\"pg-3906-0\"  class=\"panel-grid panel-no-style\" ><div id=\"pgc-3906-0-0\"  class=\"panel-grid-cell\" ><div id=\"panel-3906-0-0-0\" class=\"so-panel widget widget_sow-image panel-first-child panel-last-child\" data-index=\"0\" ><div\n\t\t\t\n\t\t\tclass=\"so-widget-sow-image so-widget-sow-image-default-c67d20f9f743-3906\"\n\t\t\t\n\t\t>\n<div class=\"sow-image-container\">\n\t\t<img \n\tsrc=\"https:\/\/brotherad.com\/panama\/wp-content\/uploads\/sites\/16\/2021\/06\/OverPage-0-11-300x300.png\" width=\"300\" height=\"300\" srcset=\"https:\/\/brotherad.com\/panama\/wp-content\/uploads\/sites\/16\/2021\/06\/OverPage-0-11-300x300.png 300w, https:\/\/brotherad.com\/panama\/wp-content\/uploads\/sites\/16\/2021\/06\/OverPage-0-11-1024x1024.png 1024w, https:\/\/brotherad.com\/panama\/wp-content\/uploads\/sites\/16\/2021\/06\/OverPage-0-11-150x150.png 150w, https:\/\/brotherad.com\/panama\/wp-content\/uploads\/sites\/16\/2021\/06\/OverPage-0-11-768x768.png 768w, https:\/\/brotherad.com\/panama\/wp-content\/uploads\/sites\/16\/2021\/06\/OverPage-0-11-1536x1536.png 1536w, https:\/\/brotherad.com\/panama\/wp-content\/uploads\/sites\/16\/2021\/06\/OverPage-0-11-400x400.png 400w, https:\/\/brotherad.com\/panama\/wp-content\/uploads\/sites\/16\/2021\/06\/OverPage-0-11-600x600.png 600w, https:\/\/brotherad.com\/panama\/wp-content\/uploads\/sites\/16\/2021\/06\/OverPage-0-11-100x100.png 100w, https:\/\/brotherad.com\/panama\/wp-content\/uploads\/sites\/16\/2021\/06\/OverPage-0-11.png 2048w\" sizes=\"(max-width: 300px) 100vw, 300px\" alt=\"\" \t\tclass=\"so-widget-image\"\/>\n\t<\/div>\n\n<\/div><\/div><\/div><\/div><div id=\"pg-3906-1\"  class=\"panel-grid panel-no-style\" ><div id=\"pgc-3906-1-0\"  class=\"panel-grid-cell\" ><div id=\"panel-3906-1-0-0\" class=\"so-panel widget widget_sow-editor panel-first-child\" data-index=\"1\" ><div\n\t\t\t\n\t\t\tclass=\"so-widget-sow-editor so-widget-sow-editor-base\"\n\t\t\t\n\t\t>\n<div class=\"siteorigin-widget-tinymce textwidget\">\n\t<h3 style=\"text-align: center\">Somos BROTHER PANAM\u00c1 y pertenecemos a la red de escuelas de creativos de BROTHER.<\/h3>\n<\/div>\n<\/div><\/div><div id=\"panel-3906-1-0-1\" class=\"so-panel widget widget_sow-editor panel-last-child\" data-index=\"2\" ><div\n\t\t\t\n\t\t\tclass=\"so-widget-sow-editor so-widget-sow-editor-base\"\n\t\t\t\n\t\t>\n<div class=\"siteorigin-widget-tinymce textwidget\">\n\t<p>En Brother PTY, queremos apoyar la formaci\u00f3n de los creativos paname\u00f1os. Queremos que la creatividad local brille cada d\u00eda m\u00e1s y que los alumnos aprendan a pensar creativamente, agregando a sus portfolio trabajos de gran nivel.<\/p>\n<p>Brother es diferente porque somos una red de escuelas de creativos. Donde cada escuela se retroalimenta de las otras. Con un lenguaje 100% publicitario y, por sobre todas las cosas, una escuela que se renueva constantemente, fresca y joven. Adem\u00e1s BROTHER PANAM\u00c1, cuenta con profesores que viven y trabajan en Panam\u00e1, por lo que entienden perfectamente el entorno publicitario local, sienten y comparten la misma creatividad de las agencias internacionales m\u00e1s premiadas, lo que nos garantiza una visi\u00f3n m\u00e1s amplia y real.<\/p>\n<\/div>\n<\/div><\/div><\/div><\/div><div id=\"pg-3906-2\"  class=\"panel-grid panel-no-style\" ><div id=\"pgc-3906-2-0\"  class=\"panel-grid-cell\" ><div id=\"panel-3906-2-0-0\" class=\"so-panel widget widget_sow-image panel-first-child panel-last-child\" data-index=\"3\" ><div\n\t\t\t\n\t\t\tclass=\"so-widget-sow-image so-widget-sow-image-default-dbf295114b96-3906\"\n\t\t\t\n\t\t>\n<div class=\"sow-image-container\">\n\t\t<img \n\tsrc=\"https:\/\/brotherad.com\/panama\/wp-content\/uploads\/sites\/16\/2018\/12\/IMG_20602.jpg\" width=\"1024\" height=\"1024\" srcset=\"https:\/\/brotherad.com\/panama\/wp-content\/uploads\/sites\/16\/2018\/12\/IMG_20602.jpg 1024w, https:\/\/brotherad.com\/panama\/wp-content\/uploads\/sites\/16\/2018\/12\/IMG_20602-150x150.jpg 150w, https:\/\/brotherad.com\/panama\/wp-content\/uploads\/sites\/16\/2018\/12\/IMG_20602-300x300.jpg 300w, https:\/\/brotherad.com\/panama\/wp-content\/uploads\/sites\/16\/2018\/12\/IMG_20602-768x768.jpg 768w, https:\/\/brotherad.com\/panama\/wp-content\/uploads\/sites\/16\/2018\/12\/IMG_20602-400x400.jpg 400w\" sizes=\"(max-width: 1024px) 100vw, 1024px\" title=\"IMG_2060[2]\" alt=\"\" \t\tclass=\"so-widget-image\"\/>\n\t<\/div>\n\n<\/div><\/div><\/div><div id=\"pgc-3906-2-1\"  class=\"panel-grid-cell\" ><div id=\"panel-3906-2-1-0\" class=\"so-panel widget widget_sow-image panel-first-child panel-last-child\" data-index=\"4\" ><div\n\t\t\t\n\t\t\tclass=\"so-widget-sow-image so-widget-sow-image-default-dbf295114b96-3906\"\n\t\t\t\n\t\t>\n<div class=\"sow-image-container\">\n\t\t<img \n\tsrc=\"https:\/\/brotherad.com\/panama\/wp-content\/uploads\/sites\/16\/2018\/12\/IMG_2057.jpg\" width=\"1024\" height=\"1024\" srcset=\"https:\/\/brotherad.com\/panama\/wp-content\/uploads\/sites\/16\/2018\/12\/IMG_2057.jpg 1024w, https:\/\/brotherad.com\/panama\/wp-content\/uploads\/sites\/16\/2018\/12\/IMG_2057-150x150.jpg 150w, https:\/\/brotherad.com\/panama\/wp-content\/uploads\/sites\/16\/2018\/12\/IMG_2057-300x300.jpg 300w, https:\/\/brotherad.com\/panama\/wp-content\/uploads\/sites\/16\/2018\/12\/IMG_2057-768x768.jpg 768w, https:\/\/brotherad.com\/panama\/wp-content\/uploads\/sites\/16\/2018\/12\/IMG_2057-400x400.jpg 400w\" sizes=\"(max-width: 1024px) 100vw, 1024px\" alt=\"\" \t\tclass=\"so-widget-image\"\/>\n\t<\/div>\n\n<\/div><\/div><\/div><\/div><div id=\"pg-3906-3\"  class=\"panel-grid panel-no-style\" ><div id=\"pgc-3906-3-0\"  class=\"panel-grid-cell\" ><div id=\"panel-3906-3-0-0\" class=\"so-panel widget widget_sow-editor panel-first-child panel-last-child\" data-index=\"5\" ><div\n\t\t\t\n\t\t\tclass=\"so-widget-sow-editor so-widget-sow-editor-base\"\n\t\t\t\n\t\t>\n<div class=\"siteorigin-widget-tinymce textwidget\">\n\t<p>Somos la mejor escuela porque nuestros estudiantes lo son, porque creemos que cada profesional y cada alumno es lo que hace. Queremos que su book, que es para lo que trabajar\u00e1 duro, hable por ellos.<\/p>\n<p>Para Brother la mejor forma de aprender es haciendo, enfrent\u00e1ndonos a problemas reales en entornos reales y de manera compartida. Enfrentarse al miedo, presentar un trabajo a un cliente real y verse dentro de una situaci\u00f3n que te supere, que te ponga inc\u00f3modo, que te haga dudar de ti mismo. All\u00ed es cuando empiezas a dar lo mejor de ti y a descubrir tu mejor versi\u00f3n.<\/p>\n<p>Brother es un viaje a trav\u00e9s de una experiencia vital. Brother es un colectivo, los grandes movimientos de pensamiento han nacido de colectivos de personas interactuando los unos con los otros, en un lugar que propicia que sucedan cosas. Ser creativo es una actitud ante la vida, crear es una forma de vivir. De hecho, ser creativo es una actividad de 24 horas del d\u00eda. Esto implica superarse a uno mismo cada d\u00eda. Explorar lugares desconocidos. Equivocarse.<\/p>\n<\/div>\n<\/div><\/div><\/div><\/div><div id=\"pg-3906-4\"  class=\"panel-grid panel-no-style\" ><div id=\"pgc-3906-4-0\"  class=\"panel-grid-cell\" ><div id=\"panel-3906-4-0-0\" class=\"so-panel widget widget_sow-image panel-first-child panel-last-child\" data-index=\"6\" ><div\n\t\t\t\n\t\t\tclass=\"so-widget-sow-image so-widget-sow-image-default-dbf295114b96-3906\"\n\t\t\t\n\t\t>\n<div class=\"sow-image-container\">\n\t\t<img \n\tsrc=\"https:\/\/brotherad.com\/panama\/wp-content\/uploads\/sites\/16\/2018\/12\/IMG_2051.jpg\" width=\"1024\" height=\"1024\" srcset=\"https:\/\/brotherad.com\/panama\/wp-content\/uploads\/sites\/16\/2018\/12\/IMG_2051.jpg 1024w, https:\/\/brotherad.com\/panama\/wp-content\/uploads\/sites\/16\/2018\/12\/IMG_2051-150x150.jpg 150w, https:\/\/brotherad.com\/panama\/wp-content\/uploads\/sites\/16\/2018\/12\/IMG_2051-300x300.jpg 300w, https:\/\/brotherad.com\/panama\/wp-content\/uploads\/sites\/16\/2018\/12\/IMG_2051-768x768.jpg 768w, https:\/\/brotherad.com\/panama\/wp-content\/uploads\/sites\/16\/2018\/12\/IMG_2051-400x400.jpg 400w\" sizes=\"(max-width: 1024px) 100vw, 1024px\" alt=\"\" \t\tclass=\"so-widget-image\"\/>\n\t<\/div>\n\n<\/div><\/div><\/div><div id=\"pgc-3906-4-1\"  class=\"panel-grid-cell\" ><div id=\"panel-3906-4-1-0\" class=\"so-panel widget widget_sow-image panel-first-child panel-last-child\" data-index=\"7\" ><div\n\t\t\t\n\t\t\tclass=\"so-widget-sow-image so-widget-sow-image-default-dbf295114b96-3906\"\n\t\t\t\n\t\t>\n<div class=\"sow-image-container\">\n\t\t<img \n\tsrc=\"https:\/\/brotherad.com\/panama\/wp-content\/uploads\/sites\/16\/2018\/12\/IMG_2049.jpg\" width=\"1024\" height=\"1024\" srcset=\"https:\/\/brotherad.com\/panama\/wp-content\/uploads\/sites\/16\/2018\/12\/IMG_2049.jpg 1024w, https:\/\/brotherad.com\/panama\/wp-content\/uploads\/sites\/16\/2018\/12\/IMG_2049-150x150.jpg 150w, https:\/\/brotherad.com\/panama\/wp-content\/uploads\/sites\/16\/2018\/12\/IMG_2049-300x300.jpg 300w, https:\/\/brotherad.com\/panama\/wp-content\/uploads\/sites\/16\/2018\/12\/IMG_2049-768x768.jpg 768w, https:\/\/brotherad.com\/panama\/wp-content\/uploads\/sites\/16\/2018\/12\/IMG_2049-400x400.jpg 400w\" sizes=\"(max-width: 1024px) 100vw, 1024px\" alt=\"\" \t\tclass=\"so-widget-image\"\/>\n\t<\/div>\n\n<\/div><\/div><\/div><\/div><div id=\"pg-3906-5\"  class=\"panel-grid panel-no-style\" ><div id=\"pgc-3906-5-0\"  class=\"panel-grid-cell\" ><div id=\"panel-3906-5-0-0\" class=\"so-panel widget widget_sow-editor panel-first-child\" data-index=\"8\" ><div\n\t\t\t\n\t\t\tclass=\"so-widget-sow-editor so-widget-sow-editor-base\"\n\t\t\t\n\t\t>\n<div class=\"siteorigin-widget-tinymce textwidget\">\n\t<p>Tener ideas es algo habitual y deber\u00eda surgir de manera espont\u00e1nea en cada uno de nosotros. Pero tener buenas ideas y al mismo tiempo que aporten valor para que ayuden a resolver problemas, esto hay que aprender a hacerlo y para eso esta la escuela, donde trabajamos como un simulacro de una agencia de publicidad.<\/p>\n<p>No nos consideramos solo una escuela de publicidad o comunicaci\u00f3n. Queremos formar a los estudiantes en el pensamiento para afrontar cualquier tipo de entorno creativo. Sea una agencia de publicidad, una productora, una editorial o un proyecto personal. Y los m\u00e1s importante, usar la creatividad como un factor de cambio de todas aquellas realidades donde consideremos que la sociedad m\u00e1s lo necesita.<\/p>\n<\/div>\n<\/div><\/div><div id=\"panel-3906-5-0-1\" class=\"so-panel widget widget_sow-editor panel-last-child\" data-index=\"9\" ><div\n\t\t\t\n\t\t\tclass=\"so-widget-sow-editor so-widget-sow-editor-base\"\n\t\t\t\n\t\t>\n<div class=\"siteorigin-widget-tinymce textwidget\">\n\t<p><iframe loading=\"lazy\" title=\"Clase abierta con Constanza Profeta\" src=\"https:\/\/player.vimeo.com\/video\/158653745?dnt=1&amp;app_id=122963\" width=\"640\" height=\"360\" frameborder=\"0\" allow=\"autoplay; fullscreen; picture-in-picture; clipboard-write\"><\/iframe><\/p>\n<p><iframe loading=\"lazy\" title=\"Nati Pia - Brother Panama\" src=\"https:\/\/player.vimeo.com\/video\/158920274?dnt=1&amp;app_id=122963\" width=\"640\" height=\"360\" frameborder=\"0\" allow=\"autoplay; fullscreen; picture-in-picture; clipboard-write\"><\/iframe><\/p>\n<p><iframe loading=\"lazy\" title=\"Enrique Edwards - Brother Panama\" src=\"https:\/\/player.vimeo.com\/video\/158926772?dnt=1&amp;app_id=122963\" width=\"640\" height=\"360\" frameborder=\"0\" allow=\"autoplay; fullscreen; picture-in-picture; clipboard-write\"><\/iframe><\/p>\n<p><iframe loading=\"lazy\" title=\"Magdiel Conte - Brother Panama\" src=\"https:\/\/player.vimeo.com\/video\/166095083?dnt=1&amp;app_id=122963\" width=\"640\" height=\"360\" frameborder=\"0\" allow=\"autoplay; fullscreen; picture-in-picture; clipboard-write\"><\/iframe><\/p>\n<\/div>\n<\/div><\/div><\/div><\/div><div id=\"pg-3906-6\"  class=\"panel-grid panel-no-style\" ><div id=\"pgc-3906-6-0\"  class=\"panel-grid-cell\" ><div id=\"panel-3906-6-0-0\" class=\"so-panel widget widget_sow-image panel-first-child panel-last-child\" data-index=\"10\" ><div\n\t\t\t\n\t\t\tclass=\"so-widget-sow-image so-widget-sow-image-default-c67d20f9f743-3906\"\n\t\t\t\n\t\t>\n<div class=\"sow-image-container\">\n\t\t<img \n\tsrc=\"https:\/\/brotherad.com\/panama\/wp-content\/uploads\/sites\/16\/2018\/12\/Logos_PAN-07-300x300.png\" width=\"300\" height=\"300\" srcset=\"https:\/\/brotherad.com\/panama\/wp-content\/uploads\/sites\/16\/2018\/12\/Logos_PAN-07-300x300.png 300w, https:\/\/brotherad.com\/panama\/wp-content\/uploads\/sites\/16\/2018\/12\/Logos_PAN-07-150x150.png 150w, https:\/\/brotherad.com\/panama\/wp-content\/uploads\/sites\/16\/2018\/12\/Logos_PAN-07-400x400.png 400w, https:\/\/brotherad.com\/panama\/wp-content\/uploads\/sites\/16\/2018\/12\/Logos_PAN-07.png 600w\" sizes=\"(max-width: 300px) 100vw, 300px\" title=\"_Logos_PAN-07\" alt=\"\" \t\tclass=\"so-widget-image\"\/>\n\t<\/div>\n\n<\/div><\/div><\/div><\/div><\/div>","protected":false},"excerpt":{"rendered":"<p>Somos BROTHER PANAM\u00c1 y pertenecemos a la red de escuelas de creativos de BROTHER. En Brother PTY, queremos apoyar la formaci\u00f3n de los creativos paname\u00f1os. Queremos que la creatividad local brille cada d\u00eda m\u00e1s y que los alumnos aprendan a pensar creativamente, agregando a sus portfolio trabajos de gran nivel. Brother es diferente porque somos [&hellip;]<\/p>\n","protected":false},"author":1,"featured_media":0,"parent":0,"menu_order":0,"comment_status":"closed","ping_status":"closed","template":"","meta":{"_acf_changed":false,"footnotes":""},"class_list":["post-3906","page","type-page","status-publish","format-aside","hentry"],"acf":[],"yoast_head":"<!-- This site is optimized with the Yoast SEO plugin v26.7 - https:\/\/yoast.com\/wordpress\/plugins\/seo\/ -->\n<title>Escuela - Brother Panam\u00e1<\/title>\n<meta name=\"robots\" content=\"noindex, follow, max-snippet:-1, max-image-preview:large, max-video-preview:-1\" \/>\n<meta property=\"og:locale\" content=\"es_ES\" \/>\n<meta property=\"og:type\" content=\"article\" \/>\n<meta property=\"og:title\" content=\"Escuela - Brother Panam\u00e1\" \/>\n<meta property=\"og:description\" content=\"Somos BROTHER PANAM\u00c1 y pertenecemos a la red de escuelas de creativos de BROTHER. En Brother PTY, queremos apoyar la formaci\u00f3n de los creativos paname\u00f1os. Queremos que la creatividad local brille cada d\u00eda m\u00e1s y que los alumnos aprendan a pensar creativamente, agregando a sus portfolio trabajos de gran nivel. Brother es diferente porque somos [&hellip;]\" \/>\n<meta property=\"og:url\" content=\"https:\/\/brotherad.com\/panama\/escuela\/\" \/>\n<meta property=\"og:site_name\" content=\"Brother Panam\u00e1\" \/>\n<meta property=\"article:modified_time\" content=\"2021-06-21T16:32:36+00:00\" \/>\n<meta name=\"twitter:card\" content=\"summary_large_image\" \/>\n<meta name=\"twitter:label1\" content=\"Tiempo de lectura\" \/>\n\t<meta name=\"twitter:data1\" content=\"2 minutos\" \/>\n<script type=\"application\/ld+json\" class=\"yoast-schema-graph\">{\"@context\":\"https:\/\/schema.org\",\"@graph\":[{\"@type\":\"WebPage\",\"@id\":\"https:\/\/brotherad.com\/panama\/escuela\/\",\"url\":\"https:\/\/brotherad.com\/panama\/escuela\/\",\"name\":\"Escuela - Brother Panam\u00e1\",\"isPartOf\":{\"@id\":\"https:\/\/brotherad.com\/panama\/#website\"},\"datePublished\":\"2018-11-25T14:15:14+00:00\",\"dateModified\":\"2021-06-21T16:32:36+00:00\",\"breadcrumb\":{\"@id\":\"https:\/\/brotherad.com\/panama\/escuela\/#breadcrumb\"},\"inLanguage\":\"es\",\"potentialAction\":[{\"@type\":\"ReadAction\",\"target\":[\"https:\/\/brotherad.com\/panama\/escuela\/\"]}]},{\"@type\":\"BreadcrumbList\",\"@id\":\"https:\/\/brotherad.com\/panama\/escuela\/#breadcrumb\",\"itemListElement\":[{\"@type\":\"ListItem\",\"position\":1,\"name\":\"Portada\",\"item\":\"https:\/\/brotherad.com\/panama\/\"},{\"@type\":\"ListItem\",\"position\":2,\"name\":\"Escuela\"}]},{\"@type\":\"WebSite\",\"@id\":\"https:\/\/brotherad.com\/panama\/#website\",\"url\":\"https:\/\/brotherad.com\/panama\/\",\"name\":\"Brother Panam\u00e1\",\"description\":\"Otro sitio m\u00e1s de Sitios de Brother\",\"publisher\":{\"@id\":\"https:\/\/brotherad.com\/panama\/#organization\"},\"potentialAction\":[{\"@type\":\"SearchAction\",\"target\":{\"@type\":\"EntryPoint\",\"urlTemplate\":\"https:\/\/brotherad.com\/panama\/?s={search_term_string}\"},\"query-input\":{\"@type\":\"PropertyValueSpecification\",\"valueRequired\":true,\"valueName\":\"search_term_string\"}}],\"inLanguage\":\"es\"},{\"@type\":\"Organization\",\"@id\":\"https:\/\/brotherad.com\/panama\/#organization\",\"name\":\"Brother Panam\u00e1\",\"url\":\"https:\/\/brotherad.com\/panama\/\",\"logo\":{\"@type\":\"ImageObject\",\"inLanguage\":\"es\",\"@id\":\"https:\/\/brotherad.com\/panama\/#\/schema\/logo\/image\/\",\"url\":\"https:\/\/brotherad.com\/panama\/wp-content\/uploads\/sites\/16\/2018\/12\/brother-global.svg\",\"contentUrl\":\"https:\/\/brotherad.com\/panama\/wp-content\/uploads\/sites\/16\/2018\/12\/brother-global.svg\",\"caption\":\"Brother Panam\u00e1\"},\"image\":{\"@id\":\"https:\/\/brotherad.com\/panama\/#\/schema\/logo\/image\/\"}}]}<\/script>\n<!-- \/ Yoast SEO plugin. -->","yoast_head_json":{"title":"Escuela - Brother Panam\u00e1","robots":{"index":"noindex","follow":"follow","max-snippet":"max-snippet:-1","max-image-preview":"max-image-preview:large","max-video-preview":"max-video-preview:-1"},"og_locale":"es_ES","og_type":"article","og_title":"Escuela - Brother Panam\u00e1","og_description":"Somos BROTHER PANAM\u00c1 y pertenecemos a la red de escuelas de creativos de BROTHER. En Brother PTY, queremos apoyar la formaci\u00f3n de los creativos paname\u00f1os. Queremos que la creatividad local brille cada d\u00eda m\u00e1s y que los alumnos aprendan a pensar creativamente, agregando a sus portfolio trabajos de gran nivel. Brother es diferente porque somos [&hellip;]","og_url":"https:\/\/brotherad.com\/panama\/escuela\/","og_site_name":"Brother Panam\u00e1","article_modified_time":"2021-06-21T16:32:36+00:00","twitter_card":"summary_large_image","twitter_misc":{"Tiempo de lectura":"2 minutos"},"schema":{"@context":"https:\/\/schema.org","@graph":[{"@type":"WebPage","@id":"https:\/\/brotherad.com\/panama\/escuela\/","url":"https:\/\/brotherad.com\/panama\/escuela\/","name":"Escuela - Brother Panam\u00e1","isPartOf":{"@id":"https:\/\/brotherad.com\/panama\/#website"},"datePublished":"2018-11-25T14:15:14+00:00","dateModified":"2021-06-21T16:32:36+00:00","breadcrumb":{"@id":"https:\/\/brotherad.com\/panama\/escuela\/#breadcrumb"},"inLanguage":"es","potentialAction":[{"@type":"ReadAction","target":["https:\/\/brotherad.com\/panama\/escuela\/"]}]},{"@type":"BreadcrumbList","@id":"https:\/\/brotherad.com\/panama\/escuela\/#breadcrumb","itemListElement":[{"@type":"ListItem","position":1,"name":"Portada","item":"https:\/\/brotherad.com\/panama\/"},{"@type":"ListItem","position":2,"name":"Escuela"}]},{"@type":"WebSite","@id":"https:\/\/brotherad.com\/panama\/#website","url":"https:\/\/brotherad.com\/panama\/","name":"Brother Panam\u00e1","description":"Otro sitio m\u00e1s de Sitios de Brother","publisher":{"@id":"https:\/\/brotherad.com\/panama\/#organization"},"potentialAction":[{"@type":"SearchAction","target":{"@type":"EntryPoint","urlTemplate":"https:\/\/brotherad.com\/panama\/?s={search_term_string}"},"query-input":{"@type":"PropertyValueSpecification","valueRequired":true,"valueName":"search_term_string"}}],"inLanguage":"es"},{"@type":"Organization","@id":"https:\/\/brotherad.com\/panama\/#organization","name":"Brother Panam\u00e1","url":"https:\/\/brotherad.com\/panama\/","logo":{"@type":"ImageObject","inLanguage":"es","@id":"https:\/\/brotherad.com\/panama\/#\/schema\/logo\/image\/","url":"https:\/\/brotherad.com\/panama\/wp-content\/uploads\/sites\/16\/2018\/12\/brother-global.svg","contentUrl":"https:\/\/brotherad.com\/panama\/wp-content\/uploads\/sites\/16\/2018\/12\/brother-global.svg","caption":"Brother Panam\u00e1"},"image":{"@id":"https:\/\/brotherad.com\/panama\/#\/schema\/logo\/image\/"}}]}},"_links":{"self":[{"href":"https:\/\/brotherad.com\/panama\/wp-json\/wp\/v2\/pages\/3906","targetHints":{"allow":["GET"]}}],"collection":[{"href":"https:\/\/brotherad.com\/panama\/wp-json\/wp\/v2\/pages"}],"about":[{"href":"https:\/\/brotherad.com\/panama\/wp-json\/wp\/v2\/types\/page"}],"author":[{"embeddable":true,"href":"https:\/\/brotherad.com\/panama\/wp-json\/wp\/v2\/users\/1"}],"replies":[{"embeddable":true,"href":"https:\/\/brotherad.com\/panama\/wp-json\/wp\/v2\/comments?post=3906"}],"version-history":[{"count":15,"href":"https:\/\/brotherad.com\/panama\/wp-json\/wp\/v2\/pages\/3906\/revisions"}],"predecessor-version":[{"id":11518,"href":"https:\/\/brotherad.com\/panama\/wp-json\/wp\/v2\/pages\/3906\/revisions\/11518"}],"wp:attachment":[{"href":"https:\/\/brotherad.com\/panama\/wp-json\/wp\/v2\/media?parent=3906"}],"curies":[{"name":"wp","href":"https:\/\/api.w.org\/{rel}","templated":true}]}}