{"id":66,"date":"2023-05-15T15:41:48","date_gmt":"2023-05-15T15:41:48","guid":{"rendered":"https:\/\/brotherad.com\/lisboa\/?page_id=66"},"modified":"2026-01-09T23:20:05","modified_gmt":"2026-01-09T23:20:05","slug":"cursos","status":"publish","type":"page","link":"https:\/\/brotherad.com\/lisboa\/cursos\/","title":{"rendered":"Cursos"},"content":{"rendered":"\n<h1 class=\"wp-block-heading alignfull has-text-align-center is-style-fancy has-red-color has-black-background-color has-text-color has-background has-larger-font-size\" id=\"nossos-cursos\" style=\"text-transform:uppercase\">Nossos Cursos<\/h1>\n\n\n\n<div class=\"wp-block-group alignfull is-style-section-content has-beige-background-color has-background is-layout-constrained wp-block-group-is-layout-constrained\">\n\n<div id=\"custom-query-block_68f8080cd34d1cedff8aaa68094ee56a\" class=\"custom-query\">\n\n\t\n\t\t<div class=\"posts-container course_card course\">\n\t\t\t\t\t\t\t\t\t\t<div class=\"loop post-88 course type-course status-publish has-post-thumbnail hentry\">\n        <div class=\"course-card\" style=\"--color:#e8e335\">\n        \n\t\t\t<div class=\"post-thumbnail\">\n\t\t\t\t<img loading=\"lazy\" decoding=\"async\" width=\"1\" height=\"1\" src=\"https:\/\/brotherad.com\/lisboa\/wp-content\/uploads\/sites\/25\/2023\/05\/intensivo-c.svg\" class=\"attachment-medium size-medium wp-post-image\" alt=\"\" \/>\t\t\t<\/div><!-- .post-thumbnail -->\n\n\t\t        <div class=\"card-info\">\n            <div class=\"image bg horizontal\" ><div class=\"media-wrapper\"><img loading=\"lazy\" decoding=\"async\" width=\"1\" height=\"1\" src=\"https:\/\/brotherad.com\/lisboa\/wp-content\/uploads\/sites\/25\/2023\/05\/bg-course-1.svg\" class=\"attachment-medium size-medium\" alt=\"\" \/><\/div><\/div>            <h3 class=\"entry-title has-large-font-size\">INTENSIVO DE CRIATIVIDADE<\/h3>            <p class=\"text extract\">PRESENCIAL<br \/>\nQUATRO MESES<br \/>\n19 FEVEREIRO &#8211; 12 JUNHO 2026\n<\/p>            <a target=\"\" href=\"https:\/\/brotherad.com\/lisboa\/course\/intensivo-de-creatividade\/\" class=\"btn \"><span class=\"btn__label\">+ Info<\/span><\/a>        <\/div>\n    <\/div>\n<\/div>\t\t\t\t\t\t\t<div class=\"loop post-1397 course type-course status-publish has-post-thumbnail hentry\">\n        <div class=\"course-card\" style=\"--color:#e8901d\">\n        \n\t\t\t<div class=\"post-thumbnail\">\n\t\t\t\t<img loading=\"lazy\" decoding=\"async\" width=\"300\" height=\"300\" src=\"https:\/\/brotherad.com\/lisboa\/wp-content\/uploads\/sites\/25\/2025\/12\/Summer-Creative-copy-webopt-300x300.jpg\" class=\"attachment-medium size-medium wp-post-image\" alt=\"\" srcset=\"https:\/\/brotherad.com\/lisboa\/wp-content\/uploads\/sites\/25\/2025\/12\/Summer-Creative-copy-webopt-300x300.jpg 300w, https:\/\/brotherad.com\/lisboa\/wp-content\/uploads\/sites\/25\/2025\/12\/Summer-Creative-copy-webopt-1022x1024.jpg 1022w, https:\/\/brotherad.com\/lisboa\/wp-content\/uploads\/sites\/25\/2025\/12\/Summer-Creative-copy-webopt-150x150.jpg 150w, https:\/\/brotherad.com\/lisboa\/wp-content\/uploads\/sites\/25\/2025\/12\/Summer-Creative-copy-webopt-768x769.jpg 768w, https:\/\/brotherad.com\/lisboa\/wp-content\/uploads\/sites\/25\/2025\/12\/Summer-Creative-copy-webopt.jpg 1198w\" sizes=\"auto, (max-width: 300px) 100vw, 300px\" \/>\t\t\t<\/div><!-- .post-thumbnail -->\n\n\t\t        <div class=\"card-info\">\n            <div class=\"image bg horizontal\" ><div class=\"media-wrapper\"><img loading=\"lazy\" decoding=\"async\" width=\"1\" height=\"1\" src=\"https:\/\/brotherad.com\/lisboa\/wp-content\/uploads\/sites\/25\/2023\/05\/bg-course-1.svg\" class=\"attachment-medium size-medium\" alt=\"\" \/><\/div><\/div>            <h3 class=\"entry-title has-large-font-size\">SUMMER CREATIVE ONLINE<\/h3>            <p class=\"text extract\">REMOTO<br \/>\nDOIS MESES<br \/>\n8 JUNHO &#8211; 29 JULHO 2026 \n<\/p>            <a target=\"\" href=\"https:\/\/brotherad.com\/lisboa\/course\/summer-creative-online\/\" class=\"btn \"><span class=\"btn__label\">+ Info<\/span><\/a>        <\/div>\n    <\/div>\n<\/div>\t\t\t\t\t\t\t<div class=\"loop post-1329 course type-course status-publish has-post-thumbnail hentry\">\n        <div class=\"course-card\" style=\"--color:#b784a8\">\n        \n\t\t\t<div class=\"post-thumbnail\">\n\t\t\t\t<img loading=\"lazy\" decoding=\"async\" width=\"300\" height=\"300\" src=\"https:\/\/brotherad.com\/lisboa\/wp-content\/uploads\/sites\/25\/2025\/12\/IA-copy-webopt-300x300.jpg\" class=\"attachment-medium size-medium wp-post-image\" alt=\"\" srcset=\"https:\/\/brotherad.com\/lisboa\/wp-content\/uploads\/sites\/25\/2025\/12\/IA-copy-webopt-300x300.jpg 300w, https:\/\/brotherad.com\/lisboa\/wp-content\/uploads\/sites\/25\/2025\/12\/IA-copy-webopt-1022x1024.jpg 1022w, https:\/\/brotherad.com\/lisboa\/wp-content\/uploads\/sites\/25\/2025\/12\/IA-copy-webopt-150x150.jpg 150w, https:\/\/brotherad.com\/lisboa\/wp-content\/uploads\/sites\/25\/2025\/12\/IA-copy-webopt-768x769.jpg 768w, https:\/\/brotherad.com\/lisboa\/wp-content\/uploads\/sites\/25\/2025\/12\/IA-copy-webopt.jpg 1198w\" sizes=\"auto, (max-width: 300px) 100vw, 300px\" \/>\t\t\t<\/div><!-- .post-thumbnail -->\n\n\t\t        <div class=\"card-info\">\n            <div class=\"image bg horizontal\" ><div class=\"media-wrapper\"><img loading=\"lazy\" decoding=\"async\" width=\"1\" height=\"1\" src=\"https:\/\/brotherad.com\/lisboa\/wp-content\/uploads\/sites\/25\/2023\/05\/bg-course-1.svg\" class=\"attachment-medium size-medium\" alt=\"\" \/><\/div><\/div>            <h3 class=\"entry-title has-large-font-size\">IA PARA MARCAS E AG\u00caNCIAS<\/h3>            <p class=\"text extract\">PRESENCIAL<br \/>\nUM M\u00caS<br \/>\nEM BREVE! \n<\/p>            <a target=\"\" href=\"https:\/\/brotherad.com\/lisboa\/course\/ia\/\" class=\"btn \"><span class=\"btn__label\">+ Info<\/span><\/a>        <\/div>\n    <\/div>\n<\/div>\t\t\t\t\t\t\t<div class=\"loop post-58 course type-course status-publish has-post-thumbnail hentry\">\n        <div class=\"course-card\" style=\"--color:#ff5650\">\n        \n\t\t\t<div class=\"post-thumbnail\">\n\t\t\t\t<img loading=\"lazy\" decoding=\"async\" width=\"1\" height=\"1\" src=\"https:\/\/brotherad.com\/lisboa\/wp-content\/uploads\/sites\/25\/2023\/05\/sister.svg\" class=\"attachment-medium size-medium wp-post-image\" alt=\"\" \/>\t\t\t<\/div><!-- .post-thumbnail -->\n\n\t\t        <div class=\"card-info\">\n            <div class=\"image bg horizontal\" ><div class=\"media-wrapper\"><img loading=\"lazy\" decoding=\"async\" width=\"1\" height=\"1\" src=\"https:\/\/brotherad.com\/lisboa\/wp-content\/uploads\/sites\/25\/2023\/05\/bg-course-2.svg\" class=\"attachment-medium size-medium\" alt=\"\" \/><\/div><\/div>            <h3 class=\"entry-title has-large-font-size\">PLANIFICA\u00c7\u00c3O ESTRAT\u00c9GICA<\/h3>            <p class=\"text extract\">PRESENCIAL<br \/>\nTR\u00caS MESES<br \/>\nEM BREVE! \n<\/p>            <a target=\"\" href=\"https:\/\/brotherad.com\/lisboa\/course\/planificacao-estrategica\/\" class=\"btn \"><span class=\"btn__label\">+ Info<\/span><\/a>        <\/div>\n    <\/div>\n<\/div>\t\t\t\t\t<\/div>\n\n\t\t\n\t\t\n\t\n\n\n<\/div><\/div>\n","protected":false},"excerpt":{"rendered":"<p>Nossos Cursos<\/p>\n","protected":false},"author":1,"featured_media":0,"parent":0,"menu_order":0,"comment_status":"closed","ping_status":"closed","template":"","meta":{"_acf_changed":false,"_gspb_post_css":".gspbgrid_id-gsbp-fd843a2 .wp-block-post-template{list-style:none;margin:0;padding:0}.gspbgrid_id-gsbp-fd843a2 .wp-block-post-template:before{display:none!important}.gspbgrid_id-gsbp-fd843a2 .wp-block-post-template>li{width:100%!important}.gspbgrid_id-gsbp-fd843a2 .gspbgrid_item_link{position:absolute;top:0;left:0;right:0;bottom:0;width:100%;height:100%;z-index:3}.gspbgrid_id-gsbp-fd843a2 .wp-block-post-template>.gspbgrid_item{position:relative}.gspbgrid_id-gsbp-fd843a2 .wp-block-post-template{display:grid;grid-template-columns:repeat(1,1fr)}@media (max-width:991.98px){.gspbgrid_id-gsbp-fd843a2 .wp-block-post-template{grid-template-columns:repeat(3,1fr)}}@media (max-width:767.98px){.gspbgrid_id-gsbp-fd843a2 .wp-block-post-template{grid-template-columns:repeat(2,1fr)}}@media (max-width:575.98px){.gspbgrid_id-gsbp-fd843a2 .wp-block-post-template{grid-template-columns:repeat(1,1fr)}}.gspbgrid_id-gsbp-fd843a2 .wp-block-post-template{gap:20px}@media (max-width:991.98px){.gspbgrid_id-gsbp-fd843a2 .wp-block-post-template{gap:20px}}@media (max-width:767.98px){.gspbgrid_id-gsbp-fd843a2 .wp-block-post-template{gap:20px}}@media (max-width:575.98px){.gspbgrid_id-gsbp-fd843a2 .wp-block-post-template{gap:20px}}.gspb_id-gsbp-180b9c6 img{object-fit:cover;vertical-align:top}@media (max-width:991.98px){.gspb_id-gsbp-180b9c6 img{vertical-align:top}}@media (max-width:767.98px){.gspb_id-gsbp-180b9c6 img{vertical-align:top}}@media (max-width:575.98px){.gspb_id-gsbp-180b9c6 img{vertical-align:top}}.gspb_id-gsbp-180b9c6 img,.gspb_id-gsbp-180b9c6 svg.gspb_svg_placeholder{width:auto;min-width:auto;max-width:100%;height:auto;aspect-ratio:1\/1}@media (max-width:991.98px){.gspb_id-gsbp-180b9c6 img,.gspb_id-gsbp-180b9c6 svg.gspb_svg_placeholder{aspect-ratio:1\/1}}@media (max-width:767.98px){.gspb_id-gsbp-180b9c6 img,.gspb_id-gsbp-180b9c6 svg.gspb_svg_placeholder{aspect-ratio:1\/1}}@media (max-width:575.98px){.gspb_id-gsbp-180b9c6 img,.gspb_id-gsbp-180b9c6 svg.gspb_svg_placeholder{aspect-ratio:1\/1}}.gspb_id-gsbp-93fe38f h2.gspb-dynamic-title-element{margin-top:10px;margin-bottom:15px}body .gspb_id-gsbp-93fe38f h2.gspb-dynamic-title-element{font-size:1.2rem;line-height:1.5rem;text-decoration:none}body .gspb_id-gsbp-93fe38f h2.gspb-dynamic-title-element a{text-decoration:none}.gspb_id-gsbp-93fe38f,.gspb_id-gsbp-fa5bb3b{display:flex;justify-content:center;align-items:center}#gspb_image-id-gsbp-6a33d4b img{vertical-align:top;display:inline-block;box-sizing:border-box;max-width:100%;height:auto}","footnotes":""},"class_list":["post-66","page","type-page","status-publish","hentry"],"acf":[],"yoast_head":"<!-- This site is optimized with the Yoast SEO plugin v26.7 - https:\/\/yoast.com\/wordpress\/plugins\/seo\/ -->\n<title>Cursos - Brother Lisboa<\/title>\n<meta name=\"robots\" content=\"index, follow, max-snippet:-1, max-image-preview:large, max-video-preview:-1\" \/>\n<link rel=\"canonical\" href=\"https:\/\/brotherad.com\/lisboa\/cursos\/\" \/>\n<meta property=\"og:locale\" content=\"pt_PT\" \/>\n<meta property=\"og:type\" content=\"article\" \/>\n<meta property=\"og:title\" content=\"Cursos - Brother Lisboa\" \/>\n<meta property=\"og:description\" content=\"Nossos Cursos\" \/>\n<meta property=\"og:url\" content=\"https:\/\/brotherad.com\/lisboa\/cursos\/\" \/>\n<meta property=\"og:site_name\" content=\"Brother Lisboa\" \/>\n<meta property=\"article:modified_time\" content=\"2026-01-09T23:20:05+00:00\" \/>\n<meta name=\"twitter:card\" content=\"summary_large_image\" \/>\n<meta name=\"twitter:label1\" content=\"Tempo estimado de leitura\" \/>\n\t<meta name=\"twitter:data1\" content=\"1 minuto\" \/>\n<script type=\"application\/ld+json\" class=\"yoast-schema-graph\">{\"@context\":\"https:\/\/schema.org\",\"@graph\":[{\"@type\":\"WebPage\",\"@id\":\"https:\/\/brotherad.com\/lisboa\/cursos\/\",\"url\":\"https:\/\/brotherad.com\/lisboa\/cursos\/\",\"name\":\"Cursos - Brother Lisboa\",\"isPartOf\":{\"@id\":\"https:\/\/brotherad.com\/lisboa\/#website\"},\"datePublished\":\"2023-05-15T15:41:48+00:00\",\"dateModified\":\"2026-01-09T23:20:05+00:00\",\"breadcrumb\":{\"@id\":\"https:\/\/brotherad.com\/lisboa\/cursos\/#breadcrumb\"},\"inLanguage\":\"pt-PT\",\"potentialAction\":[{\"@type\":\"ReadAction\",\"target\":[\"https:\/\/brotherad.com\/lisboa\/cursos\/\"]}]},{\"@type\":\"BreadcrumbList\",\"@id\":\"https:\/\/brotherad.com\/lisboa\/cursos\/#breadcrumb\",\"itemListElement\":[{\"@type\":\"ListItem\",\"position\":1,\"name\":\"Portada\",\"item\":\"https:\/\/brotherad.com\/lisboa\/\"},{\"@type\":\"ListItem\",\"position\":2,\"name\":\"Cursos\"}]},{\"@type\":\"WebSite\",\"@id\":\"https:\/\/brotherad.com\/lisboa\/#website\",\"url\":\"https:\/\/brotherad.com\/lisboa\/\",\"name\":\"Brother Lisboa\",\"description\":\"Escola de crativas\",\"publisher\":{\"@id\":\"https:\/\/brotherad.com\/lisboa\/#organization\"},\"potentialAction\":[{\"@type\":\"SearchAction\",\"target\":{\"@type\":\"EntryPoint\",\"urlTemplate\":\"https:\/\/brotherad.com\/lisboa\/?s={search_term_string}\"},\"query-input\":{\"@type\":\"PropertyValueSpecification\",\"valueRequired\":true,\"valueName\":\"search_term_string\"}}],\"inLanguage\":\"pt-PT\"},{\"@type\":\"Organization\",\"@id\":\"https:\/\/brotherad.com\/lisboa\/#organization\",\"name\":\"Brother Lisboa\",\"url\":\"https:\/\/brotherad.com\/lisboa\/\",\"logo\":{\"@type\":\"ImageObject\",\"inLanguage\":\"pt-PT\",\"@id\":\"https:\/\/brotherad.com\/lisboa\/#\/schema\/logo\/image\/\",\"url\":\"https:\/\/brotherad.com\/lisboa\/wp-content\/uploads\/sites\/25\/2023\/05\/logo-brother-2.svg\",\"contentUrl\":\"https:\/\/brotherad.com\/lisboa\/wp-content\/uploads\/sites\/25\/2023\/05\/logo-brother-2.svg\",\"caption\":\"Brother Lisboa\"},\"image\":{\"@id\":\"https:\/\/brotherad.com\/lisboa\/#\/schema\/logo\/image\/\"}}]}<\/script>\n<!-- \/ Yoast SEO plugin. -->","yoast_head_json":{"title":"Cursos - Brother Lisboa","robots":{"index":"index","follow":"follow","max-snippet":"max-snippet:-1","max-image-preview":"max-image-preview:large","max-video-preview":"max-video-preview:-1"},"canonical":"https:\/\/brotherad.com\/lisboa\/cursos\/","og_locale":"pt_PT","og_type":"article","og_title":"Cursos - Brother Lisboa","og_description":"Nossos Cursos","og_url":"https:\/\/brotherad.com\/lisboa\/cursos\/","og_site_name":"Brother Lisboa","article_modified_time":"2026-01-09T23:20:05+00:00","twitter_card":"summary_large_image","twitter_misc":{"Tempo estimado de leitura":"1 minuto"},"schema":{"@context":"https:\/\/schema.org","@graph":[{"@type":"WebPage","@id":"https:\/\/brotherad.com\/lisboa\/cursos\/","url":"https:\/\/brotherad.com\/lisboa\/cursos\/","name":"Cursos - Brother Lisboa","isPartOf":{"@id":"https:\/\/brotherad.com\/lisboa\/#website"},"datePublished":"2023-05-15T15:41:48+00:00","dateModified":"2026-01-09T23:20:05+00:00","breadcrumb":{"@id":"https:\/\/brotherad.com\/lisboa\/cursos\/#breadcrumb"},"inLanguage":"pt-PT","potentialAction":[{"@type":"ReadAction","target":["https:\/\/brotherad.com\/lisboa\/cursos\/"]}]},{"@type":"BreadcrumbList","@id":"https:\/\/brotherad.com\/lisboa\/cursos\/#breadcrumb","itemListElement":[{"@type":"ListItem","position":1,"name":"Portada","item":"https:\/\/brotherad.com\/lisboa\/"},{"@type":"ListItem","position":2,"name":"Cursos"}]},{"@type":"WebSite","@id":"https:\/\/brotherad.com\/lisboa\/#website","url":"https:\/\/brotherad.com\/lisboa\/","name":"Brother Lisboa","description":"Escola de crativas","publisher":{"@id":"https:\/\/brotherad.com\/lisboa\/#organization"},"potentialAction":[{"@type":"SearchAction","target":{"@type":"EntryPoint","urlTemplate":"https:\/\/brotherad.com\/lisboa\/?s={search_term_string}"},"query-input":{"@type":"PropertyValueSpecification","valueRequired":true,"valueName":"search_term_string"}}],"inLanguage":"pt-PT"},{"@type":"Organization","@id":"https:\/\/brotherad.com\/lisboa\/#organization","name":"Brother Lisboa","url":"https:\/\/brotherad.com\/lisboa\/","logo":{"@type":"ImageObject","inLanguage":"pt-PT","@id":"https:\/\/brotherad.com\/lisboa\/#\/schema\/logo\/image\/","url":"https:\/\/brotherad.com\/lisboa\/wp-content\/uploads\/sites\/25\/2023\/05\/logo-brother-2.svg","contentUrl":"https:\/\/brotherad.com\/lisboa\/wp-content\/uploads\/sites\/25\/2023\/05\/logo-brother-2.svg","caption":"Brother Lisboa"},"image":{"@id":"https:\/\/brotherad.com\/lisboa\/#\/schema\/logo\/image\/"}}]}},"_links":{"self":[{"href":"https:\/\/brotherad.com\/lisboa\/wp-json\/wp\/v2\/pages\/66","targetHints":{"allow":["GET"]}}],"collection":[{"href":"https:\/\/brotherad.com\/lisboa\/wp-json\/wp\/v2\/pages"}],"about":[{"href":"https:\/\/brotherad.com\/lisboa\/wp-json\/wp\/v2\/types\/page"}],"author":[{"embeddable":true,"href":"https:\/\/brotherad.com\/lisboa\/wp-json\/wp\/v2\/users\/1"}],"replies":[{"embeddable":true,"href":"https:\/\/brotherad.com\/lisboa\/wp-json\/wp\/v2\/comments?post=66"}],"version-history":[{"count":15,"href":"https:\/\/brotherad.com\/lisboa\/wp-json\/wp\/v2\/pages\/66\/revisions"}],"predecessor-version":[{"id":1437,"href":"https:\/\/brotherad.com\/lisboa\/wp-json\/wp\/v2\/pages\/66\/revisions\/1437"}],"wp:attachment":[{"href":"https:\/\/brotherad.com\/lisboa\/wp-json\/wp\/v2\/media?parent=66"}],"curies":[{"name":"wp","href":"https:\/\/api.w.org\/{rel}","templated":true}]}}