{"id":741,"date":"2018-04-16T15:34:16","date_gmt":"2018-04-16T21:34:16","guid":{"rendered":"http:\/\/brotherad.com\/guatemala\/?page_id=741"},"modified":"2021-06-20T18:38:24","modified_gmt":"2021-06-21T00:38:24","slug":"actividades","status":"publish","type":"page","link":"https:\/\/brotherad.com\/guatemala\/actividades\/","title":{"rendered":"Actividades"},"content":{"rendered":"<p>[et_pb_section fb_built=\u00bb1&#8243; admin_label=\u00bbsection\u00bb _builder_version=\u00bb3.21.1&#8243; custom_padding=\u00bb54px|0px|0px|0px\u00bb][et_pb_row admin_label=\u00bbrow\u00bb _builder_version=\u00bb3.0.47&#8243; background_size=\u00bbinitial\u00bb background_position=\u00bbtop_left\u00bb background_repeat=\u00bbrepeat\u00bb][et_pb_column type=\u00bb4_4&#8243; _builder_version=\u00bb3.0.47&#8243;][et_pb_text admin_label=\u00bbText\u00bb _builder_version=\u00bb3.21.1&#8243; header_font=\u00bbMontserrat|800||on|||||\u00bb header_text_align=\u00bbcenter\u00bb header_text_color=\u00bb#333333&#8243; header_font_size=\u00bb36px\u00bb header_letter_spacing=\u00bb2px\u00bb background_size=\u00bbinitial\u00bb background_position=\u00bbtop_left\u00bb background_repeat=\u00bbrepeat\u00bb]<\/p>\n<h1>Actividades<\/h1>\n<p>[\/et_pb_text][\/et_pb_column][\/et_pb_row][\/et_pb_section][et_pb_section fb_built=\u00bb1&#8243; admin_label=\u00bbIntegral\u00bb module_id=\u00bbintegral\u00bb _builder_version=\u00bb3.0.89&#8243;][et_pb_row _builder_version=\u00bb3.0.89&#8243;][et_pb_column type=\u00bb1_3&#8243; _builder_version=\u00bb3.0.47&#8243;][et_pb_image src=\u00bbhttp:\/\/brotherad.com\/guatemala\/wp-content\/uploads\/sites\/8\/2018\/04\/FiestaRompehielo_Logo.png\u00bb admin_label=\u00bbLogo Rompehielo\u00bb module_class=\u00bbcursos-logo\u00bb _builder_version=\u00bb3.0.89&#8243;]&nbsp;<br \/>\n[\/et_pb_image][et_pb_text _builder_version=\u00bb3.21.1&#8243; text_font=\u00bbMontserrat||||||||\u00bb text_text_color=\u00bb#666666&#8243; header_font=\u00bb||||||||\u00bb header_2_font=\u00bb|600||on|||||\u00bb header_2_font_size=\u00bb20px\u00bb]<\/p>\n<h2>Fiesta Rompehielo<\/h2>\n<p>Este es el primer gran encuentro de profesores y la primera generaci\u00f3n Brother. \u00a0Un espacio para compartir, charlar y divertirse.<br \/>\n[\/et_pb_text][\/et_pb_column][et_pb_column type=\u00bb2_3&#8243; _builder_version=\u00bb3.0.47&#8243;][et_pb_gallery gallery_ids=\u00bb744,745,746,743&#8243; fullwidth=\u00bbon\u00bb _builder_version=\u00bb3.0.89&#8243; pagination_font_size_tablet=\u00bb51&#8243; pagination_line_height_tablet=\u00bb2&#8243; auto=\u00bbon\u00bb auto_speed=\u00bb4000&#8243;][\/et_pb_gallery][\/et_pb_column][\/et_pb_row][et_pb_row _builder_version=\u00bb3.0.89&#8243;][et_pb_column type=\u00bb1_3&#8243; _builder_version=\u00bb3.0.47&#8243;][et_pb_image src=\u00bbhttp:\/\/brotherad.com\/guatemala\/wp-content\/uploads\/sites\/8\/2018\/04\/WeddingChapel_Logo.png\u00bb admin_label=\u00bbLogo WeddingChapel\u00bb module_class=\u00bbcursos-logo\u00bb _builder_version=\u00bb3.0.89&#8243;]&nbsp;<br \/>\n[\/et_pb_image][et_pb_text _builder_version=\u00bb3.0.89&#8243; text_font=\u00bbMontserrat||||||||\u00bb text_text_color=\u00bb#666666&#8243; header_font=\u00bb||||||||\u00bb header_2_font=\u00bb|600||on|||||\u00bb header_2_font_size=\u00bb20px\u00bb]<\/p>\n<h2>Wedding Chapel<\/h2>\n<p>Esta ceremonia es el enlace creativo m\u00e1s sincero de la industria. \u00a0Celebramos la dimensi\u00f3n real que significa para Brother aprender a trabajar en equipo y leer el negocio de la creatividad de a dos.<br \/>\n[\/et_pb_text][\/et_pb_column][et_pb_column type=\u00bb2_3&#8243; _builder_version=\u00bb3.0.47&#8243;][et_pb_gallery gallery_ids=\u00bb753,754,755,756,752,757&#8243; gallery_captions=\u00bb,,,,,\u00bb fullwidth=\u00bbon\u00bb _builder_version=\u00bb3.0.89&#8243; pagination_font_size_tablet=\u00bb51&#8243; pagination_line_height_tablet=\u00bb2&#8243; auto=\u00bbon\u00bb auto_speed=\u00bb4000&#8243;][\/et_pb_gallery][\/et_pb_column][\/et_pb_row][et_pb_row _builder_version=\u00bb3.0.89&#8243;][et_pb_column type=\u00bb1_3&#8243; _builder_version=\u00bb3.0.47&#8243;][et_pb_image src=\u00bbhttp:\/\/brotherad.com\/guatemala\/wp-content\/uploads\/sites\/8\/2018\/07\/PushThePower_Logo.png\u00bb admin_label=\u00bbLogo Push POwer\u00bb module_class=\u00bbcursos-logo\u00bb _builder_version=\u00bb3.0.89&#8243;]&nbsp;<br \/>\n[\/et_pb_image][et_pb_text _builder_version=\u00bb3.0.89&#8243; text_font=\u00bbMontserrat||||||||\u00bb text_text_color=\u00bb#666666&#8243; header_font=\u00bb||||||||\u00bb header_2_font=\u00bb|600||on|||||\u00bb header_2_font_size=\u00bb20px\u00bb]<\/p>\n<h2>Push the Power<\/h2>\n<p>Nuestro Festival Interno de Creatividad Push the Power se vivi\u00f3 presentando un panel con los directores creativos m\u00e1s destacados del pa\u00eds para discutir como est\u00e1 cambiando el mundo de las ideas, la conferencia internacional de \u00c1lvaro Dopico, CEO y Socio de M&amp;C Saatchilanga de M\u00e9xico y la premiaci\u00f3n de los mejores trabajos de nuestros alumnos.<br \/>\n[\/et_pb_text][\/et_pb_column][et_pb_column type=\u00bb2_3&#8243; _builder_version=\u00bb3.0.47&#8243;][et_pb_gallery gallery_ids=\u00bb816,817,818,819,820,821,822,823,824,825,826,827,828,829,830,831,832,833,834,835,836,837,838,839&#8243; gallery_captions=\u00bb,,,,,,,,,,,,,,,,,,,,,,,\u00bb fullwidth=\u00bbon\u00bb _builder_version=\u00bb3.0.89&#8243; pagination_font_size_tablet=\u00bb51&#8243; pagination_line_height_tablet=\u00bb2&#8243; auto=\u00bbon\u00bb auto_speed=\u00bb4000&#8243;][\/et_pb_gallery][\/et_pb_column][\/et_pb_row][\/et_pb_section][et_pb_section fb_built=\u00bb1&#8243; admin_label=\u00bbFooter\u00bb module_id=\u00bbcontacto\u00bb _builder_version=\u00bb3.22&#8243; background_color=\u00bb#FFD41D\u00bb custom_padding=\u00bb54px|0px|0|0px|false|false\u00bb global_module=\u00bb55&#8243;][et_pb_row admin_label=\u00bbFormulario de Contacto\u00bb _builder_version=\u00bb3.22&#8243; background_size=\u00bbinitial\u00bb background_position=\u00bbtop_left\u00bb background_repeat=\u00bbrepeat\u00bb][et_pb_column type=\u00bb4_4&#8243; _builder_version=\u00bb3.21.1&#8243;][et_pb_text admin_label=\u00bbText\u00bb _builder_version=\u00bb3.22&#8243; header_font=\u00bb||||||||\u00bb header_text_color=\u00bb#000000&#8243; header_2_font=\u00bbMontserrat|600||on|||||\u00bb header_2_text_align=\u00bbcenter\u00bb header_2_text_color=\u00bb#000000&#8243; header_2_font_size=\u00bb20px\u00bb]<\/p>\n<h2>Form\u00e1 parte de la pr\u00f3xima generaci\u00f3n<\/h2>\n<p>[\/et_pb_text][et_pb_contact_form captcha=\u00bboff\u00bb email=\u00bbadmisionesguate@brotherad.com\u00bb custom_message=\u00bbSe ha recibido un nuevo mensaje desde el sitio web de Brother Guatemala.||et_pb_line_break_holder||||et_pb_line_break_holder||Nombre: %%nombre%%||et_pb_line_break_holder||Correo: %%email%%||et_pb_line_break_holder||Tel\u00e9fono: %%telefono%%||et_pb_line_break_holder||Curso de inter\u00e9s: %%curso%%||et_pb_line_break_holder||||et_pb_line_break_holder||Mensaje (opcional)||et_pb_line_break_holder||%%mensaje%%\u00bb success_message=\u00bb\u00a1Mensaje enviado! Pronto nos comunicaremos contigo.\u00bb submit_button_text=\u00bbMandame la info bro\u00bb form_background_color=\u00bbrgba(0,0,0,0)\u00bb _builder_version=\u00bb3.21.1&#8243; title_font=\u00bb||||||||\u00bb form_field_font=\u00bbMontserrat||||||||\u00bb form_field_text_color=\u00bb#000000&#8243; border_width_all=\u00bb1px\u00bb border_color_all=\u00bb#000000&#8243; custom_button=\u00bbon\u00bb button_text_size=\u00bb18px\u00bb button_text_color=\u00bb#000000&#8243; button_border_color=\u00bb#000000&#8243; button_border_radius=\u00bb0px\u00bb button_letter_spacing=\u00bb1px\u00bb button_font=\u00bbMontserrat|||on|||||\u00bb button_use_icon=\u00bboff\u00bb max_width=\u00bb50%\u00bb max_width_tablet=\u00bb80%\u00bb max_width_phone=\u00bb90%\u00bb max_width_last_edited=\u00bbon|phone\u00bb module_alignment=\u00bbcenter\u00bb button_text_color__hover_enabled=\u00bbon\u00bb button_text_color__hover=\u00bb#ffffff\u00bb button_bg_color__hover_enabled=\u00bbon\u00bb button_bg_color__hover=\u00bb#000000&#8243; button_border_color__hover_enabled=\u00bbon\u00bb button_border_color__hover=\u00bb#000000&#8243;][et_pb_contact_field field_id=\u00bbnombre\u00bb field_title=\u00bbNombre\u00bb fullwidth_field=\u00bbon\u00bb _builder_version=\u00bb3.21.1&#8243; border_radii=\u00bbon||||\u00bb button_text_size__hover_enabled=\u00bboff\u00bb button_one_text_size__hover_enabled=\u00bboff\u00bb button_two_text_size__hover_enabled=\u00bboff\u00bb button_text_color__hover_enabled=\u00bboff\u00bb button_one_text_color__hover_enabled=\u00bboff\u00bb button_two_text_color__hover_enabled=\u00bboff\u00bb button_border_width__hover_enabled=\u00bboff\u00bb button_one_border_width__hover_enabled=\u00bboff\u00bb button_two_border_width__hover_enabled=\u00bboff\u00bb button_border_color__hover_enabled=\u00bboff\u00bb button_one_border_color__hover_enabled=\u00bboff\u00bb button_two_border_color__hover_enabled=\u00bboff\u00bb button_border_radius__hover_enabled=\u00bboff\u00bb button_one_border_radius__hover_enabled=\u00bboff\u00bb button_two_border_radius__hover_enabled=\u00bboff\u00bb button_letter_spacing__hover_enabled=\u00bboff\u00bb button_one_letter_spacing__hover_enabled=\u00bboff\u00bb button_two_letter_spacing__hover_enabled=\u00bboff\u00bb button_bg_color__hover_enabled=\u00bboff\u00bb button_one_bg_color__hover_enabled=\u00bboff\u00bb button_two_bg_color__hover_enabled=\u00bboff\u00bb][\/et_pb_contact_field][et_pb_contact_field field_id=\u00bbemail\u00bb field_title=\u00bbCorreo electr\u00f3nico\u00bb field_type=\u00bbemail\u00bb fullwidth_field=\u00bbon\u00bb _builder_version=\u00bb3.21.1&#8243; border_radii=\u00bbon||||\u00bb button_text_size__hover_enabled=\u00bboff\u00bb button_one_text_size__hover_enabled=\u00bboff\u00bb button_two_text_size__hover_enabled=\u00bboff\u00bb button_text_color__hover_enabled=\u00bboff\u00bb button_one_text_color__hover_enabled=\u00bboff\u00bb button_two_text_color__hover_enabled=\u00bboff\u00bb button_border_width__hover_enabled=\u00bboff\u00bb button_one_border_width__hover_enabled=\u00bboff\u00bb button_two_border_width__hover_enabled=\u00bboff\u00bb button_border_color__hover_enabled=\u00bboff\u00bb button_one_border_color__hover_enabled=\u00bboff\u00bb button_two_border_color__hover_enabled=\u00bboff\u00bb button_border_radius__hover_enabled=\u00bboff\u00bb button_one_border_radius__hover_enabled=\u00bboff\u00bb button_two_border_radius__hover_enabled=\u00bboff\u00bb button_letter_spacing__hover_enabled=\u00bboff\u00bb button_one_letter_spacing__hover_enabled=\u00bboff\u00bb button_two_letter_spacing__hover_enabled=\u00bboff\u00bb button_bg_color__hover_enabled=\u00bboff\u00bb button_one_bg_color__hover_enabled=\u00bboff\u00bb button_two_bg_color__hover_enabled=\u00bboff\u00bb][\/et_pb_contact_field][et_pb_contact_field field_id=\u00bbtelefono\u00bb field_title=\u00bbTel\u00e9fono\u00bb allowed_symbols=\u00bbnumbers\u00bb fullwidth_field=\u00bbon\u00bb _builder_version=\u00bb3.21.1&#8243;][\/et_pb_contact_field][et_pb_contact_field field_id=\u00bbcurso\u00bb field_title=\u00bbCurso de inter\u00e9s\u00bb field_type=\u00bbselect\u00bb select_options=\u00bb%91{%22value%22:%22Creatividad Integral%22,%22checked%22:0,%22dragID%22:-1},{%22dragID%22:0,%22value%22:%22Sister%22,%22checked%22:0},{%22dragID%22:1,%22value%22:%22Social Creative%22,%22checked%22:0},{%22dragID%22:2,%22value%22:%22Summer School%22,%22checked%22:0},{%22dragID%22:3,%22value%22:%22Storytelling%22,%22checked%22:0},{%22dragID%22:4,%22value%22:%22Craft%22,%22checked%22:0},{%22dragID%22:5,%22value%22:%22Design Thinking%22,%22checked%22:0},{%22dragID%22:6,%22value%22:%22Lego Serious Play%22,%22checked%22:0},{%22dragID%22:7,%22value%22:%22At Home &#8211; Marketing Digital%22,%22checked%22:0},{%22dragID%22:8,%22value%22:%22At Home &#8211; Social Lab%22,%22checked%22:0},{%22dragID%22:9,%22value%22:%22At Home &#8211; Videocase%22,%22checked%22:0},{%22dragID%22:10,%22value%22:%22At Home &#8211; Planning Digital%22,%22checked%22:0},{%22dragID%22:11,%22value%22:%22At Home &#8211; Design Pack%22,%22checked%22:0}%93&#8243; fullwidth_field=\u00bbon\u00bb _builder_version=\u00bb3.22&#8243;][\/et_pb_contact_field][et_pb_contact_field field_id=\u00bbmensaje\u00bb field_title=\u00bbMensaje\u00bb field_type=\u00bbtext\u00bb required_mark=\u00bboff\u00bb fullwidth_field=\u00bbon\u00bb _builder_version=\u00bb3.21.1&#8243; border_radii=\u00bbon||||\u00bb button_text_size__hover_enabled=\u00bboff\u00bb button_one_text_size__hover_enabled=\u00bboff\u00bb button_two_text_size__hover_enabled=\u00bboff\u00bb button_text_color__hover_enabled=\u00bboff\u00bb button_one_text_color__hover_enabled=\u00bboff\u00bb button_two_text_color__hover_enabled=\u00bboff\u00bb button_border_width__hover_enabled=\u00bboff\u00bb button_one_border_width__hover_enabled=\u00bboff\u00bb button_two_border_width__hover_enabled=\u00bboff\u00bb button_border_color__hover_enabled=\u00bboff\u00bb button_one_border_color__hover_enabled=\u00bboff\u00bb button_two_border_color__hover_enabled=\u00bboff\u00bb button_border_radius__hover_enabled=\u00bboff\u00bb button_one_border_radius__hover_enabled=\u00bboff\u00bb button_two_border_radius__hover_enabled=\u00bboff\u00bb button_letter_spacing__hover_enabled=\u00bboff\u00bb button_one_letter_spacing__hover_enabled=\u00bboff\u00bb button_two_letter_spacing__hover_enabled=\u00bboff\u00bb button_bg_color__hover_enabled=\u00bboff\u00bb button_one_bg_color__hover_enabled=\u00bboff\u00bb button_two_bg_color__hover_enabled=\u00bboff\u00bb][\/et_pb_contact_field][\/et_pb_contact_form][\/et_pb_column][\/et_pb_row][et_pb_row admin_label=\u00bbRedes Sociales\u00bb _builder_version=\u00bb3.22&#8243;][et_pb_column type=\u00bb4_4&#8243; _builder_version=\u00bb3.21.1&#8243;][et_pb_social_media_follow _builder_version=\u00bb3.22&#8243; border_radii=\u00bbon|22px|22px|22px|22px\u00bb text_orientation=\u00bbcenter\u00bb][et_pb_social_media_follow_network social_network=\u00bbfacebook\u00bb url=\u00bbhttps:\/\/www.facebook.com\/BrotherGuate\/\u00bb _builder_version=\u00bb3.22&#8243; background_color=\u00bb#476099&#8243; background__hover_enabled=\u00bbon\u00bb background_color__hover=\u00bb#204499&#8243; follow_button=\u00bboff\u00bb url_new_window=\u00bbon\u00bb]facebook[\/et_pb_social_media_follow_network][et_pb_social_media_follow_network social_network=\u00bbinstagram\u00bb url=\u00bbhttps:\/\/www.instagram.com\/brotherguatemala\/\u00bb _builder_version=\u00bb3.22&#8243; background_color=\u00bb#ea4f73&#8243; background__hover_enabled=\u00bbon\u00bb background_color__hover=\u00bb#ea204f\u00bb follow_button=\u00bboff\u00bb url_new_window=\u00bbon\u00bb]instagram[\/et_pb_social_media_follow_network][\/et_pb_social_media_follow][\/et_pb_column][\/et_pb_row][et_pb_row _builder_version=\u00bb3.21.1&#8243;][et_pb_column type=\u00bb4_4&#8243; _builder_version=\u00bb3.21.1&#8243;][et_pb_image src=\u00bbhttps:\/\/brotherad.com\/guatemala\/wp-content\/uploads\/sites\/8\/2019\/04\/Bufalo.png\u00bb align=\u00bbcenter\u00bb _builder_version=\u00bb3.21.1&#8243; max_width=\u00bb125px\u00bb][\/et_pb_image][\/et_pb_column][\/et_pb_row][et_pb_row admin_label=\u00bbInfo de Contacto\u00bb _builder_version=\u00bb3.22&#8243;][et_pb_column type=\u00bb4_4&#8243; _builder_version=\u00bb3.21.1&#8243;][et_pb_text _builder_version=\u00bb3.22&#8243; text_font=\u00bbMontserrat|||on|||||\u00bb text_text_color=\u00bb#000000&#8243; text_letter_spacing=\u00bb1px\u00bb text_line_height=\u00bb1.9em\u00bb text_orientation=\u00bbcenter\u00bb]<\/p>\n<p>V\u00eda 4, 1-00 zona 4, Edificio TEC, Ciudad de Guatemala, Guatemala<br \/>guatemala@brotherad.com<br \/>+502 5333-1738<\/p>\n<p>[\/et_pb_text][\/et_pb_column][\/et_pb_row][\/et_pb_section]<\/p>\n","protected":false},"excerpt":{"rendered":"<p>[et_pb_section fb_built=\u00bb1&#8243; admin_label=\u00bbsection\u00bb _builder_version=\u00bb3.21.1&#8243; custom_padding=\u00bb54px|0px|0px|0px\u00bb][et_pb_row admin_label=\u00bbrow\u00bb _builder_version=\u00bb3.0.47&#8243; background_size=\u00bbinitial\u00bb background_position=\u00bbtop_left\u00bb background_repeat=\u00bbrepeat\u00bb][et_pb_column type=\u00bb4_4&#8243; _builder_version=\u00bb3.0.47&#8243;][et_pb_text admin_label=\u00bbText\u00bb _builder_version=\u00bb3.21.1&#8243; header_font=\u00bbMontserrat|800||on|||||\u00bb header_text_align=\u00bbcenter\u00bb header_text_color=\u00bb#333333&#8243; header_font_size=\u00bb36px\u00bb header_letter_spacing=\u00bb2px\u00bb background_size=\u00bbinitial\u00bb background_position=\u00bbtop_left\u00bb background_repeat=\u00bbrepeat\u00bb] Actividades [\/et_pb_text][\/et_pb_column][\/et_pb_row][\/et_pb_section][et_pb_section fb_built=\u00bb1&#8243; admin_label=\u00bbIntegral\u00bb module_id=\u00bbintegral\u00bb _builder_version=\u00bb3.0.89&#8243;][et_pb_row _builder_version=\u00bb3.0.89&#8243;][et_pb_column type=\u00bb1_3&#8243; _builder_version=\u00bb3.0.47&#8243;][et_pb_image src=\u00bbhttp:\/\/brotherad.com\/guatemala\/wp-content\/uploads\/sites\/8\/2018\/04\/FiestaRompehielo_Logo.png\u00bb admin_label=\u00bbLogo Rompehielo\u00bb module_class=\u00bbcursos-logo\u00bb _builder_version=\u00bb3.0.89&#8243;]&nbsp; [\/et_pb_image][et_pb_text _builder_version=\u00bb3.21.1&#8243; text_font=\u00bbMontserrat||||||||\u00bb text_text_color=\u00bb#666666&#8243; header_font=\u00bb||||||||\u00bb header_2_font=\u00bb|600||on|||||\u00bb header_2_font_size=\u00bb20px\u00bb] Fiesta Rompehielo Este es el primer gran encuentro de profesores y la [&hellip;]<\/p>\n","protected":false},"author":8,"featured_media":0,"parent":0,"menu_order":0,"comment_status":"closed","ping_status":"closed","template":"","meta":{"_acf_changed":false,"_et_pb_use_builder":"on","_et_pb_old_content":"","_joinchat":[],"footnotes":""},"class_list":["post-741","page","type-page","status-publish","hentry"],"acf":[],"yoast_head":"<!-- This site is optimized with the Yoast SEO plugin v26.7 - https:\/\/yoast.com\/wordpress\/plugins\/seo\/ -->\n<title>Actividades \u00fanicas para nuestros Brothers - Brother Guatemala<\/title>\n<meta name=\"description\" content=\"En Brother Guatemala tenemos tradiciones que compartimos con todas las sedes. Nos divertimos y nos re\u00edmos, pero sobre todo, aprendemos. Conoc\u00e9 m\u00e1s sobre las diferentes actividades de las que formar\u00e1s parte siendo parte de Brother.\" \/>\n<meta name=\"robots\" content=\"index, follow, max-snippet:-1, max-image-preview:large, max-video-preview:-1\" \/>\n<link rel=\"canonical\" href=\"https:\/\/brotherad.com\/guatemala\/actividades\/\" \/>\n<meta property=\"og:locale\" content=\"es_ES\" \/>\n<meta property=\"og:type\" content=\"article\" \/>\n<meta property=\"og:title\" content=\"Actividades \u00fanicas para nuestros Brothers - Brother Guatemala\" \/>\n<meta property=\"og:description\" content=\"En Brother Guatemala tenemos tradiciones que compartimos con todas las sedes. Nos divertimos y nos re\u00edmos, pero sobre todo, aprendemos. Conoc\u00e9 m\u00e1s sobre las diferentes actividades de las que formar\u00e1s parte siendo parte de Brother.\" \/>\n<meta property=\"og:url\" content=\"https:\/\/brotherad.com\/guatemala\/actividades\/\" \/>\n<meta property=\"og:site_name\" content=\"Brother Guatemala\" \/>\n<meta property=\"article:modified_time\" content=\"2021-06-21T00:38:24+00:00\" \/>\n<meta name=\"twitter:card\" content=\"summary_large_image\" \/>\n<meta name=\"twitter:label1\" content=\"Tiempo de lectura\" \/>\n\t<meta name=\"twitter:data1\" content=\"8 minutos\" \/>\n<script type=\"application\/ld+json\" class=\"yoast-schema-graph\">{\"@context\":\"https:\/\/schema.org\",\"@graph\":[{\"@type\":\"WebPage\",\"@id\":\"https:\/\/brotherad.com\/guatemala\/actividades\/\",\"url\":\"https:\/\/brotherad.com\/guatemala\/actividades\/\",\"name\":\"Actividades \u00fanicas para nuestros Brothers - Brother Guatemala\",\"isPartOf\":{\"@id\":\"https:\/\/brotherad.com\/guatemala\/#website\"},\"datePublished\":\"2018-04-16T21:34:16+00:00\",\"dateModified\":\"2021-06-21T00:38:24+00:00\",\"description\":\"En Brother Guatemala tenemos tradiciones que compartimos con todas las sedes. Nos divertimos y nos re\u00edmos, pero sobre todo, aprendemos. Conoc\u00e9 m\u00e1s sobre las diferentes actividades de las que formar\u00e1s parte siendo parte de Brother.\",\"breadcrumb\":{\"@id\":\"https:\/\/brotherad.com\/guatemala\/actividades\/#breadcrumb\"},\"inLanguage\":\"es\",\"potentialAction\":[{\"@type\":\"ReadAction\",\"target\":[\"https:\/\/brotherad.com\/guatemala\/actividades\/\"]}]},{\"@type\":\"BreadcrumbList\",\"@id\":\"https:\/\/brotherad.com\/guatemala\/actividades\/#breadcrumb\",\"itemListElement\":[{\"@type\":\"ListItem\",\"position\":1,\"name\":\"Portada\",\"item\":\"https:\/\/brotherad.com\/guatemala\/\"},{\"@type\":\"ListItem\",\"position\":2,\"name\":\"Actividades\"}]},{\"@type\":\"WebSite\",\"@id\":\"https:\/\/brotherad.com\/guatemala\/#website\",\"url\":\"https:\/\/brotherad.com\/guatemala\/\",\"name\":\"Brother Guatemala\",\"description\":\"Escuela de Creativos\",\"publisher\":{\"@id\":\"https:\/\/brotherad.com\/guatemala\/#organization\"},\"potentialAction\":[{\"@type\":\"SearchAction\",\"target\":{\"@type\":\"EntryPoint\",\"urlTemplate\":\"https:\/\/brotherad.com\/guatemala\/?s={search_term_string}\"},\"query-input\":{\"@type\":\"PropertyValueSpecification\",\"valueRequired\":true,\"valueName\":\"search_term_string\"}}],\"inLanguage\":\"es\"},{\"@type\":\"Organization\",\"@id\":\"https:\/\/brotherad.com\/guatemala\/#organization\",\"name\":\"Brother Guatemala\",\"url\":\"https:\/\/brotherad.com\/guatemala\/\",\"logo\":{\"@type\":\"ImageObject\",\"inLanguage\":\"es\",\"@id\":\"https:\/\/brotherad.com\/guatemala\/#\/schema\/logo\/image\/\",\"url\":\"https:\/\/brotherad.com\/guatemala\/wp-content\/uploads\/sites\/8\/2017\/11\/Brother-Logo-1.png\",\"contentUrl\":\"https:\/\/brotherad.com\/guatemala\/wp-content\/uploads\/sites\/8\/2017\/11\/Brother-Logo-1.png\",\"width\":838,\"height\":200,\"caption\":\"Brother Guatemala\"},\"image\":{\"@id\":\"https:\/\/brotherad.com\/guatemala\/#\/schema\/logo\/image\/\"}}]}<\/script>\n<!-- \/ Yoast SEO plugin. -->","yoast_head_json":{"title":"Actividades \u00fanicas para nuestros Brothers - Brother Guatemala","description":"En Brother Guatemala tenemos tradiciones que compartimos con todas las sedes. Nos divertimos y nos re\u00edmos, pero sobre todo, aprendemos. Conoc\u00e9 m\u00e1s sobre las diferentes actividades de las que formar\u00e1s parte siendo parte de Brother.","robots":{"index":"index","follow":"follow","max-snippet":"max-snippet:-1","max-image-preview":"max-image-preview:large","max-video-preview":"max-video-preview:-1"},"canonical":"https:\/\/brotherad.com\/guatemala\/actividades\/","og_locale":"es_ES","og_type":"article","og_title":"Actividades \u00fanicas para nuestros Brothers - Brother Guatemala","og_description":"En Brother Guatemala tenemos tradiciones que compartimos con todas las sedes. Nos divertimos y nos re\u00edmos, pero sobre todo, aprendemos. Conoc\u00e9 m\u00e1s sobre las diferentes actividades de las que formar\u00e1s parte siendo parte de Brother.","og_url":"https:\/\/brotherad.com\/guatemala\/actividades\/","og_site_name":"Brother Guatemala","article_modified_time":"2021-06-21T00:38:24+00:00","twitter_card":"summary_large_image","twitter_misc":{"Tiempo de lectura":"8 minutos"},"schema":{"@context":"https:\/\/schema.org","@graph":[{"@type":"WebPage","@id":"https:\/\/brotherad.com\/guatemala\/actividades\/","url":"https:\/\/brotherad.com\/guatemala\/actividades\/","name":"Actividades \u00fanicas para nuestros Brothers - Brother Guatemala","isPartOf":{"@id":"https:\/\/brotherad.com\/guatemala\/#website"},"datePublished":"2018-04-16T21:34:16+00:00","dateModified":"2021-06-21T00:38:24+00:00","description":"En Brother Guatemala tenemos tradiciones que compartimos con todas las sedes. Nos divertimos y nos re\u00edmos, pero sobre todo, aprendemos. Conoc\u00e9 m\u00e1s sobre las diferentes actividades de las que formar\u00e1s parte siendo parte de Brother.","breadcrumb":{"@id":"https:\/\/brotherad.com\/guatemala\/actividades\/#breadcrumb"},"inLanguage":"es","potentialAction":[{"@type":"ReadAction","target":["https:\/\/brotherad.com\/guatemala\/actividades\/"]}]},{"@type":"BreadcrumbList","@id":"https:\/\/brotherad.com\/guatemala\/actividades\/#breadcrumb","itemListElement":[{"@type":"ListItem","position":1,"name":"Portada","item":"https:\/\/brotherad.com\/guatemala\/"},{"@type":"ListItem","position":2,"name":"Actividades"}]},{"@type":"WebSite","@id":"https:\/\/brotherad.com\/guatemala\/#website","url":"https:\/\/brotherad.com\/guatemala\/","name":"Brother Guatemala","description":"Escuela de Creativos","publisher":{"@id":"https:\/\/brotherad.com\/guatemala\/#organization"},"potentialAction":[{"@type":"SearchAction","target":{"@type":"EntryPoint","urlTemplate":"https:\/\/brotherad.com\/guatemala\/?s={search_term_string}"},"query-input":{"@type":"PropertyValueSpecification","valueRequired":true,"valueName":"search_term_string"}}],"inLanguage":"es"},{"@type":"Organization","@id":"https:\/\/brotherad.com\/guatemala\/#organization","name":"Brother Guatemala","url":"https:\/\/brotherad.com\/guatemala\/","logo":{"@type":"ImageObject","inLanguage":"es","@id":"https:\/\/brotherad.com\/guatemala\/#\/schema\/logo\/image\/","url":"https:\/\/brotherad.com\/guatemala\/wp-content\/uploads\/sites\/8\/2017\/11\/Brother-Logo-1.png","contentUrl":"https:\/\/brotherad.com\/guatemala\/wp-content\/uploads\/sites\/8\/2017\/11\/Brother-Logo-1.png","width":838,"height":200,"caption":"Brother Guatemala"},"image":{"@id":"https:\/\/brotherad.com\/guatemala\/#\/schema\/logo\/image\/"}}]}},"_links":{"self":[{"href":"https:\/\/brotherad.com\/guatemala\/wp-json\/wp\/v2\/pages\/741","targetHints":{"allow":["GET"]}}],"collection":[{"href":"https:\/\/brotherad.com\/guatemala\/wp-json\/wp\/v2\/pages"}],"about":[{"href":"https:\/\/brotherad.com\/guatemala\/wp-json\/wp\/v2\/types\/page"}],"author":[{"embeddable":true,"href":"https:\/\/brotherad.com\/guatemala\/wp-json\/wp\/v2\/users\/8"}],"replies":[{"embeddable":true,"href":"https:\/\/brotherad.com\/guatemala\/wp-json\/wp\/v2\/comments?post=741"}],"version-history":[{"count":14,"href":"https:\/\/brotherad.com\/guatemala\/wp-json\/wp\/v2\/pages\/741\/revisions"}],"predecessor-version":[{"id":1571,"href":"https:\/\/brotherad.com\/guatemala\/wp-json\/wp\/v2\/pages\/741\/revisions\/1571"}],"wp:attachment":[{"href":"https:\/\/brotherad.com\/guatemala\/wp-json\/wp\/v2\/media?parent=741"}],"curies":[{"name":"wp","href":"https:\/\/api.w.org\/{rel}","templated":true}]}}